{"id":3101,"date":"2017-02-07T11:04:51","date_gmt":"2017-02-07T11:04:51","guid":{"rendered":"https:\/\/fertility-miami.com\/about-the-sperm-chromatin-structure-scsa-test\/"},"modified":"2022-05-12T18:25:05","modified_gmt":"2022-05-12T18:25:05","slug":"about-the-sperm-chromatin-structure-scsa-test","status":"publish","type":"page","link":"https:\/\/fertility-miami.com\/es\/about-the-sperm-chromatin-structure-scsa-test\/","title":{"rendered":"Prueba de estructura de la cromatina esperm\u00e1tica (SCSA)"},"content":{"rendered":"<div class=\"wpb-content-wrapper\"><p>[vc_row][vc_column][vc_empty_space height=\u00bb5px\u00bb][vc_custom_heading source=\u00bbpost_title\u00bb font_container=\u00bbtag:h1|text_align:left|color:%2343578e\u00bb use_theme_fonts=\u00bbyes\u00bb][vc_column_text]La prueba de espermatozoides Chromatin Structure Assay es un ensayo de citometr\u00eda de flujo que mide la fragmentaci\u00f3n y madurez del ADN esperm\u00e1tico. La prueba se completa con espermatozoides congelados (sin crioprotectores), crudos\u00a0 recolectados despu\u00e9s de dos o tres d\u00edas de abstinencia sexual.<\/p>\n<p>Los m\u00e9dicos utilizan esta prueba para determinar si los pacientes pertenecen a una categor\u00eda estad\u00edstica de hombres que tienen un mayor riesgo de infertilidad. Las categor\u00edas de SCSA\u00ae se basan en el porcentaje de espermatozoides que tienen una fragmentaci\u00f3n del ADN esperm\u00e1tico (\u00edndice de fragmentaci\u00f3n del ADN, DFI) y una estructura inmadura de la cromatina (High DNA Stainability, HDS).<\/p>\n<p>Los resultados de la prueba SCSA\u00ae son interpretados por un director de laboratorio cl\u00ednico de alta complejidad (HCLD, Junta certificada por la Asociaci\u00f3n Americana de Bioanalista) con m\u00e1s de 20 a\u00f1os de experiencia en el desarrollo e interpretaci\u00f3n de esta prueba altamente compleja.<\/p>\n<p>SCSA Diagnostics, Inc. cuenta con la aprobaci\u00f3n del Departamento de Salud y Servicios Humanos (CLIA) que garantiza que la prueba SCSA\u00ae se realizar\u00e1 con los m\u00e1s altos est\u00e1ndares y que los datos del paciente se manejar\u00e1n y archivar\u00e1n de manera adecuada.<\/p>\n<p>Los resultados de la prueba SCSA\u00ae ser\u00e1n enviados de vuelta a su m\u00e9dico remitente desde el Fertility\u00a0 Center de Miami, quien puede contactar a SCSA Diagnostics, Inc. directamente para consultas adicionales.<\/p>\n<p>Si se detecta un problema, su m\u00e9dico le prescribir\u00e1 el mejor m\u00e9todo de tratamiento.<\/p>\n<p>Las pruebas SCSA\u00ae a menudo son recomendadas por los m\u00e9dicos cuando los pacientes tienen condiciones que incluyen:<\/p>\n<ul>\n<li>Infertilidad inexplicable<\/li>\n<li>Infertilidad persistente despu\u00e9s del tratamiento de la mujer<\/li>\n<li>Antes de las tecnolog\u00edas de reproducci\u00f3n asistida<\/li>\n<li>C\u00e1ncer en el hombre: antes y despu\u00e9s del tratamiento<\/li>\n<li>An\u00e1lisis anormal del semen<\/li>\n<li>Edad avanzada (&gt; 50 a\u00f1os)<\/li>\n<li><\/li>\n<\/ul>\n<p><strong>ESTA ES UNA PRUEBA RELATIVAMENTE NUEVA; NO HAY UN C\u00d3DIGO DE FACTURACI\u00d3N ASIGNADO PARA ELLO. SU SEGURO NO CUBRIR\u00c1 ESTA PRUEBA.<\/strong>[\/vc_column_text][vc_empty_space height=\u00bb5px\u00bb][\/vc_column][\/vc_row]<\/p>\n<\/div>","protected":false},"excerpt":{"rendered":"<p>[vc_row][vc_column][vc_empty_space height=\u00bb5px\u00bb][vc_custom_heading source=\u00bbpost_title\u00bb font_container=\u00bbtag:h1|text_align:left|color:%2343578e\u00bb use_theme_fonts=\u00bbyes\u00bb][vc_column_text]La prueba de espermatozoides Chromatin Structure Assay es un ensayo de citometr\u00eda de flujo que mide la fragmentaci\u00f3n y madurez del ADN<span class=\"excerpt-hellip\"> [\u2026]<\/span><\/p>\n","protected":false},"author":1,"featured_media":0,"parent":0,"menu_order":0,"comment_status":"closed","ping_status":"closed","template":"","meta":{"footnotes":""},"class_list":["post-3101","page","type-page","status-publish","hentry"],"_links":{"self":[{"href":"https:\/\/fertility-miami.com\/es\/wp-json\/wp\/v2\/pages\/3101","targetHints":{"allow":["GET"]}}],"collection":[{"href":"https:\/\/fertility-miami.com\/es\/wp-json\/wp\/v2\/pages"}],"about":[{"href":"https:\/\/fertility-miami.com\/es\/wp-json\/wp\/v2\/types\/page"}],"author":[{"embeddable":true,"href":"https:\/\/fertility-miami.com\/es\/wp-json\/wp\/v2\/users\/1"}],"replies":[{"embeddable":true,"href":"https:\/\/fertility-miami.com\/es\/wp-json\/wp\/v2\/comments?post=3101"}],"version-history":[{"count":3,"href":"https:\/\/fertility-miami.com\/es\/wp-json\/wp\/v2\/pages\/3101\/revisions"}],"predecessor-version":[{"id":7337,"href":"https:\/\/fertility-miami.com\/es\/wp-json\/wp\/v2\/pages\/3101\/revisions\/7337"}],"wp:attachment":[{"href":"https:\/\/fertility-miami.com\/es\/wp-json\/wp\/v2\/media?parent=3101"}],"curies":[{"name":"wp","href":"https:\/\/api.w.org\/{rel}","templated":true}]}}