{"id":2637,"date":"2016-12-20T05:03:25","date_gmt":"2016-12-20T05:03:25","guid":{"rendered":"https:\/\/fertility-miami.com\/current-patient-resources\/"},"modified":"2023-01-24T20:30:07","modified_gmt":"2023-01-24T20:30:07","slug":"current-patient-resources","status":"publish","type":"page","link":"https:\/\/fertility-miami.com\/es\/current-patient-resources\/","title":{"rendered":"RECURSOS"},"content":{"rendered":"<div class=\"wpb-content-wrapper\"><p>[vc_row][vc_column][vc_empty_space height=\u00bb5px\u00bb][vc_custom_heading text=\u00bbRecursos actuales del paciente<br \/>\n\u00bb font_container=\u00bbtag:h1|text_align:left|color:%23f6ce00&#8243; use_theme_fonts=\u00bbyes\u00bb][vc_column_text]<\/p>\n<div class=\"patient-form\">\n<div class=\"new_one\">\n<h4 style=\"color: #f6ce00;\">Nuestra principal prioridad: T\u00fa<\/h4>\n<p><span id=\"result_box\" class=\"\" lang=\"es\"><span title=\"For some couples, starting a family is straightforward.\">Para algunas parejas, comenzar una familia es sencillo. <\/span><span title=\"For many others, it can be a stressful, tiresome, and exhausting process. \">Para muchos otros, puede ser un proceso estresante y agotador.<br \/>\n<\/span><span title=\"If your journey towards parenthood has been a long and difficult one, the Fertility &amp; IVF Center of Miami is here to help.\">Si su camino hacia la paternidad ha sido largo y dif\u00edcil, el Fertility Center of Miami est\u00e1 aqu\u00ed para ayudarlo. <\/span><span title=\"We treat couples that have simple or complex cases.\">Tratamos a parejas que tienen casos simples o complejos. <\/span><span title=\"For those who have already unsuccessfully undergone IVF, ICSI, or other fertility treatments we offer a fresh start and a renewed sense of hope.\">Para aquellos que ya han sido sometidos sin \u00e9xito a FIV, ICSI u otros tratamientos de fertilidad, ofrecemos un nuevo comienzo y un renovado sentido de esperanza. <\/span><span title=\"We understand that dealing with fertility issues or coping with unsuccessful treatment can feel physically and emotionally overwhelming.\">Entendemos que lidiar con problemas de fertilidad o lidiar con un tratamiento sin \u00e9xito puede ser abrumador f\u00edsica y emocionalmente. <\/span><span title=\"We are here to support you every step of the way.\">Estamos aqu\u00ed para ayudarlo en cada paso del camino. <\/span><span title=\"At the Fertility &amp; IVF Center of Miami, we know successful fertility treatment requires much more than a \u2018one size fits all\u2019 approach. \">En el Fertility\u00a0 Center of Miami, sabemos que el tratamiento de fertilidad exitoso requiere mucho m\u00e1s que un enfoque de &#8216;medida \u00fanica&#8217;.<\/span><\/span><\/p>\n<p><span title=\"We are proud to provide personalized care that puts your needs first.\">Nos enorgullece brindar atenci\u00f3n personalizada que priorice sus necesidades. <\/span><span title=\"Our dedicated team invests the time and resources necessary to offer couples with even the most complex medical history the best chance of success. \">Nuestro equipo profesional invierte el tiempo y los recursos necesarios para ofrecer a las parejas con la historia cl\u00ednica m\u00e1s compleja las mejores posibilidades de \u00e9xito.<\/span><\/p>\n<p><span title=\"The combination of knowledge, decades of experience and engaged care have helped thousands of couples fulfill their dream of starting or completing their family. \">La combinaci\u00f3n de conocimientos, d\u00e9cadas de experiencia y atenci\u00f3n comprometida han ayudado a miles de parejas a cumplir su sue\u00f1o de comenzar o agrandar su familia.<\/span><\/p>\n<p><span title=\"Our medical team is recognized around the world for their expert knowledge.\">Nuestro equipo m\u00e9dico es reconocido en todo el mundo por su gran conocimiento en Fertilidad. <\/span><span title=\"Our skills and experience with difficult cases mean we are able to offer advice and treatment you can trust. \">Nuestra experiencia en casos dif\u00edciles nos permiten ofrecer consejos y tratamientos en los que puede confiar.<\/span><\/p>\n<p><span title=\"In addition, we also work closely with psychologists to ease the strain of coping with infertility.\">Adem\u00e1s, tambi\u00e9n trabajamos de cerca con psic\u00f3logos para aliviar la tensi\u00f3n de lidiar con la infertilidad.<\/span><\/p>\n<\/div>\n<\/div>\n<p>[\/vc_column_text][\/vc_column][\/vc_row][vc_row][vc_column][vc_empty_space height=\u00bb5px\u00bb][\/vc_column][\/vc_row]<\/p>\n<\/div>","protected":false},"excerpt":{"rendered":"<p>[vc_row][vc_column][vc_empty_space height=\u00bb5px\u00bb][vc_custom_heading text=\u00bbRecursos actuales del paciente \u00bb font_container=\u00bbtag:h1|text_align:left|color:%23f6ce00&#8243; use_theme_fonts=\u00bbyes\u00bb][vc_column_text] Nuestra principal prioridad: T\u00fa Para algunas parejas, comenzar una familia es sencillo. Para muchos otros, puede ser<span class=\"excerpt-hellip\"> [\u2026]<\/span><\/p>\n","protected":false},"author":1,"featured_media":0,"parent":0,"menu_order":0,"comment_status":"closed","ping_status":"closed","template":"","meta":{"footnotes":""},"class_list":["post-2637","page","type-page","status-publish","hentry"],"_links":{"self":[{"href":"https:\/\/fertility-miami.com\/es\/wp-json\/wp\/v2\/pages\/2637","targetHints":{"allow":["GET"]}}],"collection":[{"href":"https:\/\/fertility-miami.com\/es\/wp-json\/wp\/v2\/pages"}],"about":[{"href":"https:\/\/fertility-miami.com\/es\/wp-json\/wp\/v2\/types\/page"}],"author":[{"embeddable":true,"href":"https:\/\/fertility-miami.com\/es\/wp-json\/wp\/v2\/users\/1"}],"replies":[{"embeddable":true,"href":"https:\/\/fertility-miami.com\/es\/wp-json\/wp\/v2\/comments?post=2637"}],"version-history":[{"count":2,"href":"https:\/\/fertility-miami.com\/es\/wp-json\/wp\/v2\/pages\/2637\/revisions"}],"predecessor-version":[{"id":7299,"href":"https:\/\/fertility-miami.com\/es\/wp-json\/wp\/v2\/pages\/2637\/revisions\/7299"}],"wp:attachment":[{"href":"https:\/\/fertility-miami.com\/es\/wp-json\/wp\/v2\/media?parent=2637"}],"curies":[{"name":"wp","href":"https:\/\/api.w.org\/{rel}","templated":true}]}}