{"id":2567,"date":"2016-12-20T05:24:17","date_gmt":"2016-12-20T05:24:17","guid":{"rendered":"https:\/\/fertility-miami.com\/patient-education\/ivf-patient-guide\/"},"modified":"2022-05-12T17:36:34","modified_gmt":"2022-05-12T17:36:34","slug":"ivf-patient-guide","status":"publish","type":"page","link":"https:\/\/fertility-miami.com\/es\/patient-education\/ivf-patient-guide\/","title":{"rendered":"Gu\u00eda para el Paciente"},"content":{"rendered":"<div class=\"wpb-content-wrapper\"><p>[vc_row][vc_column][vc_empty_space height=\u00bb5px\u00bb][vc_custom_heading text=\u00bbGu\u00eda para el Paciente \u00bb font_container=\u00bbtag:h1|text_align:left|color:%23ffa300&#8243; use_theme_fonts=\u00bbyes\u00bb][\/vc_column][\/vc_row][vc_row][vc_column][vc_column_text]<\/p>\n<h4 style=\"color: #ffa300;\">Las T\u00e9cnicas de Reproducci\u00f3n Asistida<\/h4>\n<p>Los doctores y el personal del Fertility Center of Miami comprenden que la reproducci\u00f3n asistida puede ser compleja y abrumadora para los pacientes . El prop\u00f3sito de esta gu\u00eda es familiarizarlos con el proceso de la fertilizaci\u00f3n in-vitro (FIV). La gu\u00eda discutir\u00e1 los siguientes temas:<\/p>\n<ul>\n<li><a style=\"color: #a82c72;\" href=\"https:\/\/fertility-miami.com\/es\/what-is-ivf\/\">\u00bfQu\u00e9 es FIV?<\/a><\/li>\n<li><a style=\"color: #a82c72;\" href=\"https:\/\/fertility-miami.com\/what-is-tesapesa\/\">\u00bfQu\u00e9 es PESA\/TESA?<\/a><\/li>\n<li><a style=\"color: #a82c72;\" href=\"https:\/\/fertility-miami.com\/what-are-blastocysts\/\">\u00bfQu\u00e9 son Blastocistos?<\/a><\/li>\n<li><a style=\"color: #a82c72;\" href=\"https:\/\/fertility-miami.com\/what-is-assisted-fertilization\/\">\u00bfQu\u00e9 es la Fertilizaci\u00f3n Asistida?<\/a><\/li>\n<li><a style=\"color: #a82c72;\" href=\"https:\/\/fertility-miami.com\/what-is-assisted-hatching\/\">\u00bfQu\u00e9 es la Ruptura Asistida?<\/a><\/li>\n<li><a style=\"color: #a82c72;\" href=\"https:\/\/fertility-miami.com\/how-many-embryos-do-i-transfer\/\">\u00bfCu\u00e1ntos embriones transfiero?<\/a><\/li>\n<li><a style=\"color: #a82c72;\" href=\"https:\/\/fertility-miami.com\/potential-complications-of-assisted-reproduction-technologies\/\">Posibles complicaciones de la reproducci\u00f3n asistida<\/a><\/li>\n<li><a style=\"color: #a82c72;\" href=\"https:\/\/fertility-miami.com\/embryo-cryopreservation\/\">Criopreservaci\u00f3n de embriones<\/a><\/li>\n<li><a style=\"color: #a82c72;\" href=\"https:\/\/fertility-miami.com\/frozen-embryo-transfer\/\">Transferencia de embriones congelados<\/a><\/li>\n<li><a style=\"color: #a82c72;\" href=\"https:\/\/fertility-miami.com\/patient-education\/ivf-patient-guide\/embryology-laboratory\/\"><span style=\"font-weight: 400;\">Qu\u00e9 esperar Despu\u00e9s de la recuperaci\u00f3n de \u00f3vulos: Un vistazo al laboratorio de embriolog\u00eda<\/span><\/a><\/li>\n<\/ul>\n<p>&nbsp;<\/p>\n<p><strong>\u00a0<\/strong><\/p>\n<p>[\/vc_column_text][\/vc_column][\/vc_row][vc_row][vc_column][vc_empty_space height=\u00bb5px\u00bb][\/vc_column][\/vc_row]<\/p>\n<\/div>","protected":false},"excerpt":{"rendered":"<p>[vc_row][vc_column][vc_empty_space height=\u00bb5px\u00bb][vc_custom_heading text=\u00bbGu\u00eda para el Paciente \u00bb font_container=\u00bbtag:h1|text_align:left|color:%23ffa300&#8243; use_theme_fonts=\u00bbyes\u00bb][\/vc_column][\/vc_row][vc_row][vc_column][vc_column_text] Las T\u00e9cnicas de Reproducci\u00f3n Asistida Los doctores y el personal del Fertility Center of Miami comprenden que<span class=\"excerpt-hellip\"> [\u2026]<\/span><\/p>\n","protected":false},"author":1,"featured_media":0,"parent":2432,"menu_order":0,"comment_status":"closed","ping_status":"closed","template":"","meta":{"footnotes":""},"class_list":["post-2567","page","type-page","status-publish","hentry"],"_links":{"self":[{"href":"https:\/\/fertility-miami.com\/es\/wp-json\/wp\/v2\/pages\/2567","targetHints":{"allow":["GET"]}}],"collection":[{"href":"https:\/\/fertility-miami.com\/es\/wp-json\/wp\/v2\/pages"}],"about":[{"href":"https:\/\/fertility-miami.com\/es\/wp-json\/wp\/v2\/types\/page"}],"author":[{"embeddable":true,"href":"https:\/\/fertility-miami.com\/es\/wp-json\/wp\/v2\/users\/1"}],"replies":[{"embeddable":true,"href":"https:\/\/fertility-miami.com\/es\/wp-json\/wp\/v2\/comments?post=2567"}],"version-history":[{"count":2,"href":"https:\/\/fertility-miami.com\/es\/wp-json\/wp\/v2\/pages\/2567\/revisions"}],"predecessor-version":[{"id":7322,"href":"https:\/\/fertility-miami.com\/es\/wp-json\/wp\/v2\/pages\/2567\/revisions\/7322"}],"up":[{"embeddable":true,"href":"https:\/\/fertility-miami.com\/es\/wp-json\/wp\/v2\/pages\/2432"}],"wp:attachment":[{"href":"https:\/\/fertility-miami.com\/es\/wp-json\/wp\/v2\/media?parent=2567"}],"curies":[{"name":"wp","href":"https:\/\/api.w.org\/{rel}","templated":true}]}}