{"id":2490,"date":"2016-12-20T05:31:06","date_gmt":"2016-12-20T05:31:06","guid":{"rendered":"https:\/\/fertility-miami.com\/diagnosis-treatment\/endometrial-biopsy\/"},"modified":"2023-08-16T19:12:31","modified_gmt":"2023-08-16T19:12:31","slug":"endometrial-biopsy","status":"publish","type":"page","link":"https:\/\/fertility-miami.com\/es\/diagnosis-treatment\/endometrial-biopsy\/","title":{"rendered":"Biopsia Endometrial"},"content":{"rendered":"<div class=\"wpb-content-wrapper\"><p>[vc_row][vc_column][vc_empty_space height=\u00bb5px\u00bb][vc_custom_heading text=\u00bbBiopsia Endometrial\u00bb font_container=\u00bbtag:h1|text_align:left|color:%23009388&#8243; use_theme_fonts=\u00bbyes\u00bb][\/vc_column][\/vc_row][vc_row][vc_column][vc_column_text]<\/p>\n<div class=\"new_one\">\n<h4 style=\"color: #00afa5;\">\u00bfQu\u00e9 es una biopsia endometrial?<\/h4>\n<p>Una biopsia endometrial es una prueba que asesora el tejido endometrial que cubre la pared interior del \u00fatero. Alrededor del tiempo en que est\u00e9s ovulando (liberaci\u00f3n de un \u00f3vulo del ovario), tu endometrio (el revestimiento interior del \u00fatero) aumenta de espesor debido a la multiplicaci\u00f3n de vasos sangu\u00edneos, gl\u00e1ndulas y nutrientes almacenados que permite que un embri\u00f3n se implante y crezca. Si la implantaci\u00f3n no ocurre, el tejido endometrial se desprende y resulta en el flujo menstrual que marca el inicio de tu pr\u00f3ximo ciclo. El estr\u00f3geno y la progesterona controlan el crecimiento y la estabilizaci\u00f3n del tejido endometrial.<\/p>\n<\/div>\n<div class=\"new_one\"><\/div>\n<div class=\"new_one\">\n<h4 style=\"color: #00afa5;\">\u00bfC\u00f3mo se realiza esta prueba?<\/h4>\n<p>Tu doctor colocar\u00e1 un especulo en la vagina, introducir\u00e1 un cat\u00e9ter dentro del \u00fatero a trav\u00e9s de la cerviz, y remover\u00e1\u0301 una peque\u00f1a muestra del revestimiento endometrial. En general, el procedimiento toma s\u00f3lo unos segundos. Puede que sientas un dolor como un pellizco o un poco de calambre.<br \/>\n\u00bfQu\u00e9 puede suceder despu\u00e9s de esta prueba?<br \/>\nPuede que sientas calambres leves por una hora o m\u00e1s despu\u00e9s del procedimiento y puede que tambi\u00e9n veas un poco de sangrado vaginal. El sangrado leve o manchas de sangre puede que dure hasta que comience tu periodo menstrual.<\/p>\n<\/div>\n<div class=\"new_one\">\n<h4 style=\"color: #00afa5;\">\u00bfCu\u00e1ndo recibir\u00e9 el resultado de esta prueba?<\/h4>\n<p>El resultado de esta prueba ser\u00e1 revisado y discutido contigo durante la siguiente visita con tu m\u00e9dico.<\/p>\n<\/div>\n<div class=\"new_one\">\n<h4 style=\"color: #00afa5;\">\u00bfSe debe hacer esta prueba en un d\u00eda espec\u00edfico de mi ciclo menstrual?<\/h4>\n<p>S\u00ed. El d\u00eda que se realiza la biopsia est\u00e1 basado en la indicaci\u00f3n por la cual se realiza el procedimiento.<\/p>\n<p>\u2022 Endometritis \u2013 se puede realizar en cualquier d\u00eda del ciclo menstrual, preferiblemente durante la fase folicular para evitar interrumpir un embarazo temprano.<\/p>\n<p>\u2022 Raspado endometrial \u2013 realizado despu\u00e9s de la ovulaci\u00f3n (d\u00eda 21) del ciclo previo a la transferencia de embri\u00f3n.<\/p>\n<p>\u2022 Prueba de receptividad endometrial (ERA) \u2013 realizado 7 d\u00edas despu\u00e9s del pico de LH o 5 d\u00edas despu\u00e9s de tratamiento con progesterona durante un \u201cciclo simulado\u201d.<\/p>\n<\/div>\n<div class=\"new_one\">\n<h4 style=\"color: #00afa5;\">\u00bfCu\u00e1les son los riesgos de este procedimiento?<\/h4>\n<p>Hay una posibilidad muy peque\u00f1a de que la biopsia interrumpa un embarazo temprano si est\u00e1s embarazada en el momento en que se realiza esta prueba. Para evitar este potencial problema puede que tu doctor desee que evites el embarazo durante el mes en el cual se haga la prueba. Se realizara\u0301 un examen de orina para comprobar que no est\u00e1s embarazada antes de que se haga la biopsia.<\/p>\n<\/div>\n<div class=\"new_one\">\n<h4 style=\"color: #00afa5;\">Preguntas sobre su seguro m\u00e9dico<\/h4>\n<p>Com\u00fanmente la biopsia endometrial se considera una evaluaci\u00f3n diagn\u00f3stica. Nuestro personal estar\u00e1 complacido en asistirte con tu cobertura de seguro y la responsabilidad del paciente.<\/p>\n<\/div>\n<p>&nbsp;<\/p>\n<a class=\"button  button_size_2 button_js\" href=\"https:\/\/fertility-miami.com\/wp-content\/uploads\/2023\/08\/17_Endometrial-biopsy_2023__02_SPA.pdf\" style=\"background-color:#009388!important;color:#fff;\" target=\"_blank\"   ><span class=\"button_label\">Folleto Biopsia Endometrial PDF<\/span><\/a>\n\n<\/div>","protected":false},"excerpt":{"rendered":"<p>[vc_row][vc_column][vc_empty_space height=\u00bb5px\u00bb][vc_custom_heading text=\u00bbBiopsia Endometrial\u00bb font_container=\u00bbtag:h1|text_align:left|color:%23009388&#8243; use_theme_fonts=\u00bbyes\u00bb][\/vc_column][\/vc_row][vc_row][vc_column][vc_column_text] \u00bfQu\u00e9 es una biopsia endometrial? Una biopsia endometrial es una prueba que asesora el tejido endometrial que cubre la pared<span class=\"excerpt-hellip\"> [\u2026]<\/span><\/p>\n","protected":false},"author":1,"featured_media":0,"parent":2444,"menu_order":4,"comment_status":"closed","ping_status":"closed","template":"","meta":{"footnotes":""},"class_list":["post-2490","page","type-page","status-publish","hentry"],"_links":{"self":[{"href":"https:\/\/fertility-miami.com\/es\/wp-json\/wp\/v2\/pages\/2490","targetHints":{"allow":["GET"]}}],"collection":[{"href":"https:\/\/fertility-miami.com\/es\/wp-json\/wp\/v2\/pages"}],"about":[{"href":"https:\/\/fertility-miami.com\/es\/wp-json\/wp\/v2\/types\/page"}],"author":[{"embeddable":true,"href":"https:\/\/fertility-miami.com\/es\/wp-json\/wp\/v2\/users\/1"}],"replies":[{"embeddable":true,"href":"https:\/\/fertility-miami.com\/es\/wp-json\/wp\/v2\/comments?post=2490"}],"version-history":[{"count":8,"href":"https:\/\/fertility-miami.com\/es\/wp-json\/wp\/v2\/pages\/2490\/revisions"}],"predecessor-version":[{"id":8556,"href":"https:\/\/fertility-miami.com\/es\/wp-json\/wp\/v2\/pages\/2490\/revisions\/8556"}],"up":[{"embeddable":true,"href":"https:\/\/fertility-miami.com\/es\/wp-json\/wp\/v2\/pages\/2444"}],"wp:attachment":[{"href":"https:\/\/fertility-miami.com\/es\/wp-json\/wp\/v2\/media?parent=2490"}],"curies":[{"name":"wp","href":"https:\/\/api.w.org\/{rel}","templated":true}]}}