{"id":2487,"date":"2016-12-20T05:29:59","date_gmt":"2016-12-20T05:29:59","guid":{"rendered":"https:\/\/fertility-miami.com\/diagnosis-treatment\/hysterosalpingogram\/"},"modified":"2023-02-21T19:09:41","modified_gmt":"2023-02-21T19:09:41","slug":"hysterosalpingogram","status":"publish","type":"page","link":"https:\/\/fertility-miami.com\/es\/diagnosis-treatment\/hysterosalpingogram\/","title":{"rendered":"Histerosalpingograma"},"content":{"rendered":"<div class=\"wpb-content-wrapper\"><p>[vc_row][vc_column][vc_empty_space height=\u00bb5px\u00bb][vc_custom_heading source=\u00bbpost_title\u00bb font_container=\u00bbtag:h1|text_align:left|color:%23009388&#8243; use_theme_fonts=\u00bbyes\u00bb][\/vc_column][\/vc_row][vc_row][vc_column][vc_column_text]<\/p>\n<div class=\"new_one\">\n<h4 style=\"color: #009388;\">\u00bfPor qu\u00e9 se realiza el histerosalpingograma (HSG)?<\/h4>\n<p>Un da\u00f1o sufrido en las trompas de Falopio y\/o \u00fatero puede interferir con el pasaje de esperma, \u00f3vulos y embriones impidiendo el establecimiento de un embarazo. El HSG es un procedimiento diagn\u00f3stico que permite identificar un bloqueo en las trompas de Falopio.<\/p>\n<p>Tambi\u00e9n puede detectar defectos en el \u00fatero como cicatrices, miomas, p\u00f3lipos o malformaciones cong\u00e9nitas.<\/p>\n<\/div>\n<div class=\"new_one\">\n<h4 style=\"color: #009388;\">\u00bfEn qu\u00e9 consiste el procedimiento?<\/h4>\n<p>El radi\u00f3logo inyecta una peque\u00f1a cantidad de material de contraste dentro del \u00fatero por medio de un instrumento colocado en el cuello uterino. Se inyecta suficiente contraste como para permitir la visualizaci\u00f3n de la cavidad uterina y el pasaje a trav\u00e9s de las trompas de Falopio en una pantalla de rayos X.<\/p>\n<p>El derrame del contraste se observa en cada trompa si las mismas est\u00e1n abiertas. Un bloqueo de una o ambas trompas se puede confirmar ante la ausencia del paso del contraste. El procedimiento puede causar calambres pelvianos y sangrado vaginal.<\/p>\n<\/div>\n<div class=\"new_one\">\n<h4 style=\"color: #009388;\">\u00bfD\u00f3nde se realiza el procedimiento?<\/h4>\n<p>El HSG se puede realizar en varios lugares:<br \/>\n\u2022 Baptist Outpatient Center, Medical Arts Building en el 2do piso. Se debe obtener una receta de nuestro centro y luego presentarse en el Registro de Pacientes por lo menos 15 minutos antes de la hora programada para el procedimiento.<br \/>\n\u2022 Baptist Hospital Main- Ciertas pacientes, deben hacer su procedimiento de HSG en el hospital a causa de razones m\u00e9dicas. Por favor confirmar con nuestra recepcionista d\u00f3nde debe presentarse.<br \/>\n\u2022 Mount Sinai Medical Center<\/p>\n<\/div>\n<div class=\"new_one\">\n<h4 style=\"color: #009388;\">C\u00f3mo prepararse para un HSG<\/h4>\n<p>\u2022 Llamar el primer d\u00eda del per\u00edodo para confirmar su cita.<br \/>\n\u2022 Debes evitar el sexo a partir del primer d\u00eda de su per\u00edodo hasta despu\u00e9s del procedimiento. Si no lo haces, el procedimiento ser\u00e1 reprogramado para otro ciclo.<br \/>\n\u2022 Puedes tomar 600-800 mg de Advil o Motrin 30 minutos antes del procedimiento.<br \/>\n\u2022 La ma\u00f1ana del procedimiento te presentar\u00e1s en nuestro centro a las 7:30 a.m. para hacer una prueba de embarazo.<br \/>\n\u2022 Si no tienes cobertura m\u00e9dica para hacer una prueba de sangre en nuestra oficina, encontrar\u00e1s adjunto una orden para ir al laboratorio de tu seguro.<br \/>\n\u2022 Importante: debes informar a la coordinadora si tienes cualquier condici\u00f3n m\u00e9dica tal como asma, prolapso de la v\u00e1lvula mitral (soplo card\u00edaco), diabetes, o alergia al iodo, l\u00e1tex o mariscos.<\/p>\n<\/div>\n<div class=\"new_one\"><\/div>\n<div class=\"new_one\">\n<h4 style=\"color: #009388;\">Preguntas sobre tu seguro m\u00e9dico<\/h4>\n<p>Com\u00fanmente el histerosalpingograma se considera una evaluaci\u00f3n diagn\u00f3stica. Nuestro personal estar\u00e1 complacido a asistirte con tu cobertura de seguro y la responsabilidad del paciente.<\/p>\n<p>&nbsp;<\/p>\n<a class=\"button  button_size_2 button_js\" href=\"\/wp-content\/uploads\/2023\/02\/14_Hysterosalpinogram_2023_SPA.pdf\" style=\"background-color:#009388!important;color:#fff;\" target=\"_blank\"   ><span class=\"button_label\">Folleto de Histerosalpingograma PDF<\/span><\/a>\n\n<\/div>\n<p>[\/vc_column_text][\/vc_column][\/vc_row][vc_row][vc_column][vc_empty_space height=\u00bb5px\u00bb][\/vc_column][\/vc_row]<\/p>\n<\/div>","protected":false},"excerpt":{"rendered":"<p>[vc_row][vc_column][vc_empty_space height=\u00bb5px\u00bb][vc_custom_heading source=\u00bbpost_title\u00bb font_container=\u00bbtag:h1|text_align:left|color:%23009388&#8243; use_theme_fonts=\u00bbyes\u00bb][\/vc_column][\/vc_row][vc_row][vc_column][vc_column_text] \u00bfPor qu\u00e9 se realiza el histerosalpingograma (HSG)? Un da\u00f1o sufrido en las trompas de Falopio y\/o \u00fatero puede interferir con el<span class=\"excerpt-hellip\"> [\u2026]<\/span><\/p>\n","protected":false},"author":1,"featured_media":0,"parent":2444,"menu_order":1,"comment_status":"closed","ping_status":"closed","template":"","meta":{"footnotes":""},"class_list":["post-2487","page","type-page","status-publish","hentry"],"_links":{"self":[{"href":"https:\/\/fertility-miami.com\/es\/wp-json\/wp\/v2\/pages\/2487","targetHints":{"allow":["GET"]}}],"collection":[{"href":"https:\/\/fertility-miami.com\/es\/wp-json\/wp\/v2\/pages"}],"about":[{"href":"https:\/\/fertility-miami.com\/es\/wp-json\/wp\/v2\/types\/page"}],"author":[{"embeddable":true,"href":"https:\/\/fertility-miami.com\/es\/wp-json\/wp\/v2\/users\/1"}],"replies":[{"embeddable":true,"href":"https:\/\/fertility-miami.com\/es\/wp-json\/wp\/v2\/comments?post=2487"}],"version-history":[{"count":6,"href":"https:\/\/fertility-miami.com\/es\/wp-json\/wp\/v2\/pages\/2487\/revisions"}],"predecessor-version":[{"id":8252,"href":"https:\/\/fertility-miami.com\/es\/wp-json\/wp\/v2\/pages\/2487\/revisions\/8252"}],"up":[{"embeddable":true,"href":"https:\/\/fertility-miami.com\/es\/wp-json\/wp\/v2\/pages\/2444"}],"wp:attachment":[{"href":"https:\/\/fertility-miami.com\/es\/wp-json\/wp\/v2\/media?parent=2487"}],"curies":[{"name":"wp","href":"https:\/\/api.w.org\/{rel}","templated":true}]}}