{"id":2483,"date":"2016-12-20T05:29:16","date_gmt":"2016-12-20T05:29:16","guid":{"rendered":"https:\/\/fertility-miami.com\/diagnosis-treatment\/hysteroscopy\/"},"modified":"2023-08-16T19:08:07","modified_gmt":"2023-08-16T19:08:07","slug":"hysteroscopy","status":"publish","type":"page","link":"https:\/\/fertility-miami.com\/es\/diagnosis-treatment\/hysteroscopy\/","title":{"rendered":"HISTEROSCOPIA"},"content":{"rendered":"<div class=\"wpb-content-wrapper\"><p>[vc_row][vc_column][vc_empty_space height=\u00bb5px\u00bb][vc_custom_heading text=\u00bbHisteroscopia \u00bb font_container=\u00bbtag:h1|text_align:left|color:%23009388&#8243; use_theme_fonts=\u00bbyes\u00bb][\/vc_column][\/vc_row][vc_row][vc_column][vc_column_text]<\/p>\n<div class=\"new_one\">\n<h4 style=\"color: #009388;\">\u00bfPor qu\u00e9 se realiza una histeroscopia?<\/h4>\n<p>Un histeroscopio es un telescopio flexible con iluminaci\u00f3n, de un peque\u00f1o di\u00e1metro para facilitar su pasaje dentro del \u00fatero (matriz) a trav\u00e9s del c\u00e9rvix (cuello). La histeroscopia es un procedimiento diagn\u00f3stico que permite la visualizaci\u00f3n directa del canal cervical y la arquitectura interna del \u00fatero. Este procedimiento puede revelar patolog\u00eda que cause infertilidad (p\u00f3lipos, miomas, tumores, bandas de tejido cicatrizal o malformaciones cong\u00e9nitas). El resultado de la histeroscopia complementa los hallazgos del histerosalpingograma (HSG) brindando una imagen detallada de la cavidad uterina.<\/p>\n<\/div>\n<div class=\"new_one\">\n<h4 style=\"color: #009388;\">\u00bfCu\u00e1ndo se realiza la histeroscopia?<\/h4>\n<p>Es necesario programar la histeroscopia en el per\u00edodo entre la finalizaci\u00f3n completa del flujo menstrual y antes de la ovulaci\u00f3n. Tu doctor determinar\u00e1 el d\u00eda m\u00e1s apropiado para hacer la histeroscopia basado en la duraci\u00f3n de tu ciclo menstrual.<\/p>\n<\/div>\n<div class=\"new_one\">\n<h4 style=\"color: #009388;\">\u00bfD\u00f3nde se realiza el procedimiento?<\/h4>\n<p>El doctor realiza el procedimiento en nuestro centro en la comodidad de nuestra sala de histeroscopia. La cita para la histeroscopia dura aproximadamente 30 minutos. El procedimiento en s\u00ed dura solo unos pocos minutos.<\/p>\n<\/div>\n<div class=\"new_one\">\n<h4 style=\"color: #009388;\">\u00bfEn qu\u00e9 consiste el procedimiento?<\/h4>\n<p>La histeroscopia consiste en la colocaci\u00f3n de un esp\u00e9culo en la vagina para permitir el acceso al cuello. La vagina y el cuello se limpian con una soluci\u00f3n antibacteriana. El histeroscopio flexible se introduce a trav\u00e9s del cuello, utilizando peque\u00f1as cantidades de soluci\u00f3n salina como medio de distensi\u00f3n para visualizar mejor a la cavidad uterina.<\/p>\n<p>Inusualmente, se utiliza un instrumento en el cuello para inmovilizar y enderezar el canal cervical \u2013 en ese caso se utiliza anestesia local para minimizar la molestia.<\/p>\n<p>Despu\u00e9s del procedimiento, los instrumentos se remueven. Si es necesario, un tamp\u00f3n puede ser colocado en la vagina para contener el peque\u00f1o sangrado relacionado con la sujeci\u00f3n del cuello.<\/p>\n<\/div>\n<div class=\"new_one\">\n<h4 style=\"color: #009388;\">\u00bfC\u00f3mo prepararse para la histeroscopia?<\/h4>\n<p>El d\u00eda del procedimiento puede comer, pero en forma liviana. Aproximadamente 30 minutos antes de la cita, toma 600 \u2013 800 mg de Advil o Motrin (Ibuprofeno), o 220 &#8211; 440 mg de Aleve (Naproxeno).<br \/>\n\u2022 Por favor notif\u00edcanos si padeces de prolapso de v\u00e1lvula mitral y requieres antibi\u00f3ticos profil\u00e1cticos. Podr\u00eda ser necesario tomarlos si los debes tomar antes de procedimientos dentales.<br \/>\n\u2022 Recuerda notificarnos si tienes cualquier alergia.<\/p>\n<\/div>\n<div class=\"new_one\">\n<h4 style=\"color: #009388;\">Instrucciones para despu\u00e9s del procedimiento<\/h4>\n<p>\u2022 Si te has colocado un tamp\u00f3n, remu\u00e9velo entre 2 a 3 horas despu\u00e9s del procedimiento.<br \/>\n\u2022 No tengas relaciones sexuales por 48 horas o hasta que pare el sangrado.<br \/>\n\u2022 Llama al doctor si tienes sangrado vaginal abundante, fiebre o flujo maloliente. Recuerda que es normal tener sangrado vaginal por uno o dos d\u00edas despu\u00e9s del procedimiento.<\/p>\n<p>Por favor no dudes en llamar a nuestro centro si tienes alguna pregunta sobre tus s\u00edntomas.<\/p>\n<\/div>\n<div class=\"new_one\">\n<h4 style=\"color: #009388;\">Preguntas sobre su seguro m\u00e9dico<\/h4>\n<p>En la mayor\u00eda de los casos, la histeroscopia se considera un procedimiento diagn\u00f3stico. Nuestro personal estar\u00e1 complacido de asistirte a verificar tu cobertura de seguro m\u00e9dico y cu\u00e1l es su responsabilidad.<\/p>\n<p>&nbsp;<\/p>\n<a class=\"button  button_size_2 button_js\" href=\"https:\/\/fertility-miami.com\/wp-content\/uploads\/2023\/08\/15_Hysteroscopy_2023__02_SPA.pdf\" style=\"background-color:#009388!important;color:#fff;\" target=\"_blank\"   ><span class=\"button_label\">Descargar folleto<\/span><\/a>\n\n<\/div>\n<p>[\/vc_column_text][\/vc_column][\/vc_row][vc_row][vc_column][vc_empty_space height=\u00bb5px\u00bb][\/vc_column][\/vc_row]<\/p>\n<\/div>","protected":false},"excerpt":{"rendered":"<p>[vc_row][vc_column][vc_empty_space height=\u00bb5px\u00bb][vc_custom_heading text=\u00bbHisteroscopia \u00bb font_container=\u00bbtag:h1|text_align:left|color:%23009388&#8243; use_theme_fonts=\u00bbyes\u00bb][\/vc_column][\/vc_row][vc_row][vc_column][vc_column_text] \u00bfPor qu\u00e9 se realiza una histeroscopia? Un histeroscopio es un telescopio flexible con iluminaci\u00f3n, de un peque\u00f1o di\u00e1metro para facilitar<span class=\"excerpt-hellip\"> [\u2026]<\/span><\/p>\n","protected":false},"author":1,"featured_media":0,"parent":2444,"menu_order":0,"comment_status":"closed","ping_status":"closed","template":"","meta":{"footnotes":""},"class_list":["post-2483","page","type-page","status-publish","hentry"],"_links":{"self":[{"href":"https:\/\/fertility-miami.com\/es\/wp-json\/wp\/v2\/pages\/2483","targetHints":{"allow":["GET"]}}],"collection":[{"href":"https:\/\/fertility-miami.com\/es\/wp-json\/wp\/v2\/pages"}],"about":[{"href":"https:\/\/fertility-miami.com\/es\/wp-json\/wp\/v2\/types\/page"}],"author":[{"embeddable":true,"href":"https:\/\/fertility-miami.com\/es\/wp-json\/wp\/v2\/users\/1"}],"replies":[{"embeddable":true,"href":"https:\/\/fertility-miami.com\/es\/wp-json\/wp\/v2\/comments?post=2483"}],"version-history":[{"count":7,"href":"https:\/\/fertility-miami.com\/es\/wp-json\/wp\/v2\/pages\/2483\/revisions"}],"predecessor-version":[{"id":8554,"href":"https:\/\/fertility-miami.com\/es\/wp-json\/wp\/v2\/pages\/2483\/revisions\/8554"}],"up":[{"embeddable":true,"href":"https:\/\/fertility-miami.com\/es\/wp-json\/wp\/v2\/pages\/2444"}],"wp:attachment":[{"href":"https:\/\/fertility-miami.com\/es\/wp-json\/wp\/v2\/media?parent=2483"}],"curies":[{"name":"wp","href":"https:\/\/api.w.org\/{rel}","templated":true}]}}