{"id":2451,"date":"2016-12-20T05:22:10","date_gmt":"2016-12-20T05:22:10","guid":{"rendered":"https:\/\/fertility-miami.com\/about-us__trashed\/our-range-of-services\/"},"modified":"2023-02-06T17:57:24","modified_gmt":"2023-02-06T17:57:24","slug":"our-range-of-services","status":"publish","type":"page","link":"https:\/\/fertility-miami.com\/es\/about-us-2\/our-range-of-services\/","title":{"rendered":"Nuestros servicios"},"content":{"rendered":"<div class=\"wpb-content-wrapper\"><p>[vc_row][vc_column][vc_empty_space height=\u00bb5px\u00bb][vc_custom_heading text=\u00bbNuestros servicios de atenci\u00f3n personalizados y comprensivos:\u00bb font_container=\u00bbtag:h1|text_align:left|color:%23d62b91&#8243; use_theme_fonts=\u00bbyes\u00bb][\/vc_column][\/vc_row][vc_row][vc_column][vc_column_text]<\/p>\n<div class=\"new_container about range\">\n<ul>\n<li>Evaluaci\u00f3n de la Infertilidad Femenina y Masculina, incluida la p\u00e9rdida recurrente del embarazo<\/li>\n<li>Embarazo despu\u00e9s de la Esterilizaci\u00f3n femenina o masculina<\/li>\n<li><a href=\"\/es\/treatment\/same-sex-couple\/\">Parejas del mismo sexo<\/a>, <a href=\"\/es\/treatment\/single-parenting\/\">madres &#8211; padres solteros<\/a> y familias no tradicionales<\/li>\n<li>Detecci\u00f3n Gen\u00e9tica de enfermedades hereditarias<\/li>\n<li>Evaluaci\u00f3n de la reserva ov\u00e1rica<\/li>\n<li>Espermograma, anticuerpos antiesperm\u00e1ticos, fragmentaci\u00f3n del ADN esperm\u00e1tico y evaluaci\u00f3n androl\u00f3gica<\/li>\n<li><a href=\"\/es\/treatment\/fertility-preservation\/\">Preservaci\u00f3n de la fertilidad:<\/a> Crioconservaci\u00f3n de ovocitos y espermatozoides (Congelaci\u00f3n de \u00f3vulos y espermatozoides)<\/li>\n<li>Inseminaci\u00f3n Intrauterina (IUI)<\/li>\n<li><a href=\"\/es\/treatment\/in-vitro-fertilization-ivf\/\">Fertilizaci\u00f3n In Vitro (FIV)<\/a><\/li>\n<li>Inyecci\u00f3n Intracitoplasm\u00e1tica de Espermatozoides (ICSI)<\/li>\n<li><a href=\"\/es\/what-is-tesapesa\/\">Aspiraci\u00f3n Epididimaria y Testicular de Espermatozoides (PESA, TESA, TESE y Micro-TESE)<\/a><\/li>\n<li>Eclosi\u00f3n Asistida (AH), Biopsia Embrionaria y Criopreservaci\u00f3n<\/li>\n<li>Pruebas gen\u00e9ticas preimplantacionales (PGT-A) para detectar aneuploid\u00eda (n\u00famero adecuado de cromosomas) y Selecci\u00f3n de sexo<\/li>\n<li>PGT-M para detectar mutaci\u00f3n de un gen causante de una enfermedad (Cromosoma X Fr\u00e1gil, Anemia de C\u00e9lulas Falciformes, Fibrosis Qu\u00edstica, etc.)<\/li>\n<li>Programa de Donaci\u00f3n de Ovulos, Espermatozoides y Embriones<\/li>\n<li><a href=\"\/es\/treatment\/surrogacy\/\">Subrogaci\u00f3n Gestacional<\/a><\/li>\n<li>Cirug\u00eda Ginecol\u00f3gica M\u00ednimamente Invasiva (Histeroscopia y Laparoscopia)<\/li>\n<li>Reanastomosis de Trompas (Reversi\u00f3n de la Ligadura de Trompas)<\/li>\n<li>Ensayos de Investigaci\u00f3n Cl\u00ednica de FIV<\/li>\n<li><a href=\"\/es\/international-patients\/\">Coordinaci\u00f3n de Pacientes Internacionales<\/a><\/li>\n<\/ul>\n<\/div>\n<p>[\/vc_column_text][vc_empty_space height=\u00bb5px\u00bb][\/vc_column][\/vc_row]<\/p>\n<\/div>","protected":false},"excerpt":{"rendered":"<p>[vc_row][vc_column][vc_empty_space height=\u00bb5px\u00bb][vc_custom_heading text=\u00bbNuestros servicios de atenci\u00f3n personalizados y comprensivos:\u00bb font_container=\u00bbtag:h1|text_align:left|color:%23d62b91&#8243; use_theme_fonts=\u00bbyes\u00bb][\/vc_column][\/vc_row][vc_row][vc_column][vc_column_text] Evaluaci\u00f3n de la Infertilidad Femenina y Masculina, incluida la p\u00e9rdida recurrente del embarazo Embarazo despu\u00e9s<span class=\"excerpt-hellip\"> [\u2026]<\/span><\/p>\n","protected":false},"author":1,"featured_media":0,"parent":2285,"menu_order":0,"comment_status":"closed","ping_status":"closed","template":"","meta":{"footnotes":""},"class_list":["post-2451","page","type-page","status-publish","hentry"],"_links":{"self":[{"href":"https:\/\/fertility-miami.com\/es\/wp-json\/wp\/v2\/pages\/2451","targetHints":{"allow":["GET"]}}],"collection":[{"href":"https:\/\/fertility-miami.com\/es\/wp-json\/wp\/v2\/pages"}],"about":[{"href":"https:\/\/fertility-miami.com\/es\/wp-json\/wp\/v2\/types\/page"}],"author":[{"embeddable":true,"href":"https:\/\/fertility-miami.com\/es\/wp-json\/wp\/v2\/users\/1"}],"replies":[{"embeddable":true,"href":"https:\/\/fertility-miami.com\/es\/wp-json\/wp\/v2\/comments?post=2451"}],"version-history":[{"count":5,"href":"https:\/\/fertility-miami.com\/es\/wp-json\/wp\/v2\/pages\/2451\/revisions"}],"predecessor-version":[{"id":8231,"href":"https:\/\/fertility-miami.com\/es\/wp-json\/wp\/v2\/pages\/2451\/revisions\/8231"}],"up":[{"embeddable":true,"href":"https:\/\/fertility-miami.com\/es\/wp-json\/wp\/v2\/pages\/2285"}],"wp:attachment":[{"href":"https:\/\/fertility-miami.com\/es\/wp-json\/wp\/v2\/media?parent=2451"}],"curies":[{"name":"wp","href":"https:\/\/api.w.org\/{rel}","templated":true}]}}