{"id":2444,"date":"2016-12-20T05:02:11","date_gmt":"2016-12-20T05:02:11","guid":{"rendered":"https:\/\/fertility-miami.com\/diagnosis-treatment\/"},"modified":"2022-05-11T21:28:24","modified_gmt":"2022-05-11T21:28:24","slug":"diagnosis-treatment","status":"publish","type":"page","link":"https:\/\/fertility-miami.com\/es\/diagnosis-treatment\/","title":{"rendered":"Prueba Diagn\u00f3stica"},"content":{"rendered":"<div class=\"wpb-content-wrapper\"><p>[vc_row][vc_column][vc_empty_space height=\u00bb5px\u00bb][vc_custom_heading text=\u00bbPrueba Diagn\u00f3stica\u00bb font_container=\u00bbtag:h1|text_align:left|color:%23009388&#8243; use_theme_fonts=\u00bbyes\u00bb][vc_column_text]<\/p>\n<div class=\"new_container about range ivf\">\n<p>Los m\u00e9dicos del Fertility Center of Miami, realizan una evaluaci\u00f3n integral para identificar las principales causas de infertilidad. Los diagn\u00f3sticos tempranos y precisos son importantes como primer paso en el proceso de tratamiento y permiten una planificaci\u00f3n individualizada del tratamiento.<\/p>\n<ul>\n<li>Evaluaci\u00f3n cl\u00ednica y de laboratorio de la infertilidad, incluyendo aborto espont\u00e1neo y p\u00e9rdida recurrente del embarazo<\/li>\n<li>Detecci\u00f3n precoz de portadores de enfermedades gen\u00e9ticas (es decir, el Panel Hereditario Jud\u00edo)<\/li>\n<li>Embarazo despu\u00e9s de la esterilizaci\u00f3n femenina o masculina<\/li>\n<li>An\u00e1lisis de Semen y Antispermas \/ Pruebas de Espermatozoides de Anticuerpos<\/li>\n<li>Prueba de Fragmentaci\u00f3n de ADN de esperma.<\/li>\n<\/ul>\n<\/div>\n<p>[\/vc_column_text][\/vc_column][\/vc_row][vc_row][vc_column][vc_empty_space height=\u00bb5px\u00bb][\/vc_column][\/vc_row]<\/p>\n<\/div>","protected":false},"excerpt":{"rendered":"<p>[vc_row][vc_column][vc_empty_space height=\u00bb5px\u00bb][vc_custom_heading text=\u00bbPrueba Diagn\u00f3stica\u00bb font_container=\u00bbtag:h1|text_align:left|color:%23009388&#8243; use_theme_fonts=\u00bbyes\u00bb][vc_column_text] Los m\u00e9dicos del Fertility Center of Miami, realizan una evaluaci\u00f3n integral para identificar las principales causas de infertilidad. Los diagn\u00f3sticos<span class=\"excerpt-hellip\"> [\u2026]<\/span><\/p>\n","protected":false},"author":1,"featured_media":0,"parent":0,"menu_order":0,"comment_status":"closed","ping_status":"closed","template":"","meta":{"footnotes":""},"class_list":["post-2444","page","type-page","status-publish","hentry"],"_links":{"self":[{"href":"https:\/\/fertility-miami.com\/es\/wp-json\/wp\/v2\/pages\/2444","targetHints":{"allow":["GET"]}}],"collection":[{"href":"https:\/\/fertility-miami.com\/es\/wp-json\/wp\/v2\/pages"}],"about":[{"href":"https:\/\/fertility-miami.com\/es\/wp-json\/wp\/v2\/types\/page"}],"author":[{"embeddable":true,"href":"https:\/\/fertility-miami.com\/es\/wp-json\/wp\/v2\/users\/1"}],"replies":[{"embeddable":true,"href":"https:\/\/fertility-miami.com\/es\/wp-json\/wp\/v2\/comments?post=2444"}],"version-history":[{"count":2,"href":"https:\/\/fertility-miami.com\/es\/wp-json\/wp\/v2\/pages\/2444\/revisions"}],"predecessor-version":[{"id":7254,"href":"https:\/\/fertility-miami.com\/es\/wp-json\/wp\/v2\/pages\/2444\/revisions\/7254"}],"wp:attachment":[{"href":"https:\/\/fertility-miami.com\/es\/wp-json\/wp\/v2\/media?parent=2444"}],"curies":[{"name":"wp","href":"https:\/\/api.w.org\/{rel}","templated":true}]}}