{"id":2443,"date":"2016-12-20T05:23:08","date_gmt":"2016-12-20T05:23:08","guid":{"rendered":"https:\/\/fertility-miami.com\/treatment\/single-parenting\/"},"modified":"2022-05-11T21:50:34","modified_gmt":"2022-05-11T21:50:34","slug":"single-parenting","status":"publish","type":"page","link":"https:\/\/fertility-miami.com\/es\/treatment\/single-parenting\/","title":{"rendered":"Familias Monoparentales"},"content":{"rendered":"<div class=\"wpb-content-wrapper\"><p>[vc_row][vc_column][vc_empty_space height=\u00bb5px\u00bb][vc_custom_heading source=\u00bbpost_title\u00bb font_container=\u00bbtag:h1|text_align:left|color:%2343578e\u00bb use_theme_fonts=\u00bbyes\u00bb][vc_column_text]<\/p>\n<div class=\"new_container about range\">\n<div class=\"new_one\">\n<p><span id=\"result_box\" class=\"\" lang=\"es\">\u00bfSiempre te has imaginado como pap\u00e1 o mam\u00e1? \u00bfPor qu\u00e9 esperar?<\/span><\/p>\n<p>Cada vez m\u00e1s mujeres y hombres eligen comenzar una familia sin pareja.<\/p>\n<p>A trav\u00e9s del acceso a donantes de esperma y \/ o \u00f3vulos, la subrogaci\u00f3n gestacional y las t\u00e9cnicas de reproducci\u00f3n asistida, hombres y mujeres pueden cumplir el sue\u00f1o de comenzar su propia familia.<\/p>\n<p><span class=\"\">El Fertilitity Center of Miami ha ayudado a innumerables personas, tanto mujeres como hombres, a lograr la paternidad. Cualquiera que sean tus razones, si est\u00e1s considerando la posibilidad de convertirte en padre o madre sin el acompa\u00f1amiento de una pareja, hay muchas opciones de tratamiento disponibles.<\/span><\/p>\n<p><span class=\"\">Para comenzar, ll\u00e1manos al +1.305.596.4013 o haz<a href=\"https:\/\/fertility-miami.com\/es\/contact-us\/make-an-appointment\/\"> click aqu\u00ed<\/a> para programar una cita.<\/span><\/p>\n<p>&nbsp;<\/p>\n<\/div>\n<\/div>\n<p>[\/vc_column_text][\/vc_column][\/vc_row][vc_row][vc_column][vc_empty_space height=\u00bb5px\u00bb][\/vc_column][\/vc_row]<\/p>\n<\/div>","protected":false},"excerpt":{"rendered":"<p>[vc_row][vc_column][vc_empty_space height=\u00bb5px\u00bb][vc_custom_heading source=\u00bbpost_title\u00bb font_container=\u00bbtag:h1|text_align:left|color:%2343578e\u00bb use_theme_fonts=\u00bbyes\u00bb][vc_column_text] \u00bfSiempre te has imaginado como pap\u00e1 o mam\u00e1? \u00bfPor qu\u00e9 esperar? Cada vez m\u00e1s mujeres y hombres eligen comenzar una familia<span class=\"excerpt-hellip\"> [\u2026]<\/span><\/p>\n","protected":false},"author":1,"featured_media":0,"parent":2287,"menu_order":7,"comment_status":"closed","ping_status":"closed","template":"","meta":{"footnotes":""},"class_list":["post-2443","page","type-page","status-publish","hentry"],"_links":{"self":[{"href":"https:\/\/fertility-miami.com\/es\/wp-json\/wp\/v2\/pages\/2443","targetHints":{"allow":["GET"]}}],"collection":[{"href":"https:\/\/fertility-miami.com\/es\/wp-json\/wp\/v2\/pages"}],"about":[{"href":"https:\/\/fertility-miami.com\/es\/wp-json\/wp\/v2\/types\/page"}],"author":[{"embeddable":true,"href":"https:\/\/fertility-miami.com\/es\/wp-json\/wp\/v2\/users\/1"}],"replies":[{"embeddable":true,"href":"https:\/\/fertility-miami.com\/es\/wp-json\/wp\/v2\/comments?post=2443"}],"version-history":[{"count":3,"href":"https:\/\/fertility-miami.com\/es\/wp-json\/wp\/v2\/pages\/2443\/revisions"}],"predecessor-version":[{"id":7267,"href":"https:\/\/fertility-miami.com\/es\/wp-json\/wp\/v2\/pages\/2443\/revisions\/7267"}],"up":[{"embeddable":true,"href":"https:\/\/fertility-miami.com\/es\/wp-json\/wp\/v2\/pages\/2287"}],"wp:attachment":[{"href":"https:\/\/fertility-miami.com\/es\/wp-json\/wp\/v2\/media?parent=2443"}],"curies":[{"name":"wp","href":"https:\/\/api.w.org\/{rel}","templated":true}]}}