{"id":2440,"date":"2017-09-29T17:13:18","date_gmt":"2017-09-29T17:13:18","guid":{"rendered":"https:\/\/fertility-miami.com\/treatment\/fertility-preservation\/"},"modified":"2026-01-20T20:10:01","modified_gmt":"2026-01-20T20:10:01","slug":"fertility-preservation","status":"publish","type":"page","link":"https:\/\/fertility-miami.com\/es\/treatment\/fertility-preservation\/","title":{"rendered":"Preservaci\u00f3n de la Fertilidad"},"content":{"rendered":"<div class=\"wpb-content-wrapper\"><p>[vc_row][vc_column][vc_row_inner][vc_column_inner][vc_empty_space height=\u00bb5px\u00bb][vc_custom_heading source=\u00bbpost_title\u00bb font_container=\u00bbtag:h1|text_align:left|color:%2343578e\u00bb use_theme_fonts=\u00bbyes\u00bb][\/vc_column_inner][\/vc_row_inner][vc_column_text]<\/p>\n<div class=\"new_container about range become\">\n<div class=\"new_one\">\n<h4 style=\"color: #43578e;\">Preservaci\u00f3n de la Fertilidad en el Instituto de C\u00e1ncer de Miami<\/h4>\n<p>La mayor\u00eda de nosotros sue\u00f1a con tener una familia, pero pocos de nosotros anticipamos la vida que nos entrega el diagn\u00f3stico de c\u00e1ncer. Cuando los pacientes son diagnosticados con c\u00e1ncer, la supervivencia es primordial en la mente del paciente; sin embargo, muchos tratamientos oncol\u00f3gicos tienen efectos devastadores en el sistema reproductivo.<\/p>\n<p>El Fertility Center of Miami, con su equipo de m\u00e9dicos de endocrinolog\u00eda reproductiva y personal de laboratorio, est\u00e1 comprometido en ayudarle a preservar su sue\u00f1o de tener una familia, incluso de cara a un diagn\u00f3stico abrumador. Establecido en 1991 en el campus del Hospital Baptista de Miami, el centro se ha mantenido como un centro innovador y l\u00edder continuo en el campo de la infertilidad y la reproducci\u00f3n asistida.<br \/>\nEs nuestro privilegio trabajar en colaboraci\u00f3n con los onc\u00f3logos, psic\u00f3logos y otros especialistas en el Instituto de C\u00e1ncer de Miami para proporcionarle un enfoque integral al tratamiento del c\u00e1ncer.<\/p>\n<h4 style=\"color: #43578e;\">Preservaci\u00f3n de la Fertilidad en las Mujeres<\/h4>\n<p>La forma m\u00e1s com\u00fan de preservaci\u00f3n de la fertilidad en las mujeres es la criopreservaci\u00f3n de ovocitos (\u00abcongelaci\u00f3n de \u00f3vulos\u00bb). Al hacerlo, uno est\u00e1 tomando el potencial de fertilidad de hoy y lo transfiere hacia el futuro, cuando es un tiempo apropiado y seguro para concebir. La concepci\u00f3n se produce con la Fecundaci\u00f3n In Vitro de los ovocitos y la transferencia de los embriones en desarrollo a un \u00fatero sano.<\/p>\n<p>Esencialmente, el proceso de fecundaci\u00f3n in vitro (FIV) se divide en dos partes, realizando la recolecci\u00f3n de \u00f3vulos ahora, y ahorrando la fertilizaci\u00f3n y el embarazo para m\u00e1s adelante. El tiempo m\u00e1s \u00f3ptimo para congelar los \u00f3vulos es antes de llevar a cabo el tratamiento que puede afectar la calidad total o la cantidad de \u00f3vulos presentes.<\/p>\n<p>Congelar los \u00f3vulos tiene algunas ventajas sobre la criopreservaci\u00f3n de embriones que es menos costoso, y un socio masculino designado no necesita ser identificado.<\/p>\n<p>En los pacientes que tienen un socio masculino designado, el proceso comienza con la fertilizaci\u00f3n de los \u00f3vulos, una vez desarrollados los embriones, se finaliza con la criopreservaci\u00f3n. El congelamiento de embriones tiene la ventaja adicional de saber que los \u00f3vulos han fecundado y desarrollado exitosamente a la etapa de blastocisto. Cribado Gen\u00e9tico Preimplantacional (pgs) se puede hacer para asegurar la competencia gen\u00e9tica de los embriones, evaluando si es apropiado y deseable.<\/p>\n<p>La recolecci\u00f3n de \u00f3vulos con fines de congelaci\u00f3n, requiere un m\u00ednimo de dos a tres semanas. En aquellos casos en que el tiempo no est\u00e9 disponible, o el paciente sea demasiado joven o no acepte el proceso de estimulaci\u00f3n ov\u00e1rica y recuperaci\u00f3n de \u00f3vulos, se puede dar consideraci\u00f3n al banco de tejido ov\u00e1rico. Un ovario o una porci\u00f3n del ovario se cosecha en la laparoscopia (bajo anestesia general) una vez que el tejido es crio congelado.<\/p>\n<p>En una fecha posterior, el tejido se puede trasplantar nuevamente dentro del paciente y estimular con algunas drogas de la fertilidad para producir los \u00f3vulos. Este \u00faltimo procedimiento se considera actualmente como experimental. Se espera que en el futuro, podemos ser capaces de estimular los ovarios en un ambiente in vitro para producir \u00f3vulos o ser capaces de madurar \u00f3vulos in vitro de este tejido, evitando as\u00ed los riesgos asociados con la transferencia del tejido ov\u00e1rico de nuevo en el paciente.<\/p>\n<p>Sin embargo, actualmente estos enfoques a\u00fan no son factibles.<\/p>\n<h4 style=\"color: #43578e;\">Preservaci\u00f3n de la Fertilidad en los Hombres<\/h4>\n<p>La forma m\u00e1s simple y m\u00e1s com\u00fan de preservaci\u00f3n de la fertilidad en los hombres es el banco esperm\u00e1tico. Una muestra de semen eyaculado puede ser criopreservado. Cuando se descongela, el esperma se puede utilizar para la inseminaci\u00f3n intrauterina de la mujer en el momento de la ovulaci\u00f3n, o para la fertilizaci\u00f3n in vitro de \u00f3vulos. Cuantas m\u00e1s muestras se produzcan, mayor ser\u00e1 el potencial de utilizar m\u00e9todos m\u00e1s naturales y menos tecnol\u00f3gicos de concebir cuando est\u00e9 listo.<\/p>\n<p>En algunos casos rara vez, de ser necesario, se emplea la estimulaci\u00f3n el\u00e9ctrica para obtener una respuesta eyaculatoria, si las condiciones m\u00e9dicas impiden el primero. En la adolescencia el mayor obst\u00e1culo es el aspecto psicol\u00f3gico de discutir la situaci\u00f3n y estimular la masturbaci\u00f3n. En aquellas situaciones en que la eyaculaci\u00f3n no es posible, o en pacientes con c\u00e1ncer masculino preadolescente (considerados experimentales), se puede considerar la criopreservaci\u00f3n de tejido testicular.<\/p>\n<p>Esto se realiza con biopsia testicular o muestreo realizado por un ur\u00f3logo bajo anestesia local o sedante. Cuando est\u00e1 listo para concebir, el tejido se descongela, el esperma aislado se utiliza para fertilizar los \u00f3vulos usando una t\u00e9cnica llamada Inyecci\u00f3n Intracitoplasm\u00e1tica de Espermatozoides (ICSI).<\/p>\n<h4 style=\"color: #43578e;\">Tratamiento del c\u00e1ncer y riesgos de fertilidad<\/h4>\n<p>La quimioterapia, la radiaci\u00f3n y la cirug\u00eda pueden tener efectos adversos en el sistema reproductivo. En general, cuanto mayor sea la dosis y m\u00e1s largo sea el tratamiento, mayor ser\u00e1 el riesgo de problemas reproductivos posteriores. Factores como la edad, causan un mayor riesgo.<\/p>\n<p>La situaci\u00f3n de cada paciente es \u00fanica y sus riesgos son individuales; por lo tanto, es importante tener un tratamiento de las opciones de preservaci\u00f3n de la fertilidad, que est\u00e1n disponibles tanto para hombres y mujeres, as\u00ed como para adolescentes. Tambi\u00e9n existen enfoques experimentales para la preservaci\u00f3n de la fertilidad en pacientes con c\u00e1ncer antes de la pubertad.<\/p>\n<h4 style=\"color: #43578e;\">C\u00e1ncer y Gen\u00e9tica<\/h4>\n<p>Nuestro conocimiento de las causas gen\u00e9ticas del c\u00e1ncer est\u00e1 evolucionando r\u00e1pidamente. Actualmente, hay varias mutaciones gen\u00e9ticas, que predisponen a pacientes al desarrollo del c\u00e1ncer. A trav\u00e9s de nuestra colaboraci\u00f3n con asesores gen\u00e9ticos, tenemos una oportunidad \u00fanica para identificar a un subgrupo de pacientes que est\u00e1n en riesgo de desarrollar c\u00e1ncer (es decir, mutaci\u00f3n BRCA).<\/p>\n<p>En estas situaciones, tanto para la concepci\u00f3n como para la preservaci\u00f3n de la fertilidad, con la criopreservaci\u00f3n del ovocito o del embri\u00f3n (DGP) son utilizados para defender a un embri\u00f3n sano.<\/p>\n<\/div>\n<\/div>\n<p>[\/vc_column_text][\/vc_column][\/vc_row][vc_row][vc_column][vc_column_text css=\u00bb\u00bb]<a class=\"button  button_size_2 button_js\" href=\"https:\/\/fertility-miami.com\/wp-content\/uploads\/2026\/01\/04_Fertility-Preservation-Brochures_SPA.pdf\" style=\"background-color:#d62b91!important;color:#fff;\" target=\"_blank\"   ><span class=\"button_label\">Descarga nuestro folleto<\/span><\/a>\n[\/vc_column_text][\/vc_column][\/vc_row]<\/p>\n<\/div>","protected":false},"excerpt":{"rendered":"<p>[vc_row][vc_column][vc_row_inner][vc_column_inner][vc_empty_space height=\u00bb5px\u00bb][vc_custom_heading source=\u00bbpost_title\u00bb font_container=\u00bbtag:h1|text_align:left|color:%2343578e\u00bb use_theme_fonts=\u00bbyes\u00bb][\/vc_column_inner][\/vc_row_inner][vc_column_text] Preservaci\u00f3n de la Fertilidad en el Instituto de C\u00e1ncer de Miami La mayor\u00eda de nosotros sue\u00f1a con tener una familia, pero<span class=\"excerpt-hellip\"> [\u2026]<\/span><\/p>\n","protected":false},"author":1,"featured_media":0,"parent":2287,"menu_order":0,"comment_status":"closed","ping_status":"closed","template":"","meta":{"footnotes":""},"class_list":["post-2440","page","type-page","status-publish","hentry"],"_links":{"self":[{"href":"https:\/\/fertility-miami.com\/es\/wp-json\/wp\/v2\/pages\/2440","targetHints":{"allow":["GET"]}}],"collection":[{"href":"https:\/\/fertility-miami.com\/es\/wp-json\/wp\/v2\/pages"}],"about":[{"href":"https:\/\/fertility-miami.com\/es\/wp-json\/wp\/v2\/types\/page"}],"author":[{"embeddable":true,"href":"https:\/\/fertility-miami.com\/es\/wp-json\/wp\/v2\/users\/1"}],"replies":[{"embeddable":true,"href":"https:\/\/fertility-miami.com\/es\/wp-json\/wp\/v2\/comments?post=2440"}],"version-history":[{"count":19,"href":"https:\/\/fertility-miami.com\/es\/wp-json\/wp\/v2\/pages\/2440\/revisions"}],"predecessor-version":[{"id":9970,"href":"https:\/\/fertility-miami.com\/es\/wp-json\/wp\/v2\/pages\/2440\/revisions\/9970"}],"up":[{"embeddable":true,"href":"https:\/\/fertility-miami.com\/es\/wp-json\/wp\/v2\/pages\/2287"}],"wp:attachment":[{"href":"https:\/\/fertility-miami.com\/es\/wp-json\/wp\/v2\/media?parent=2440"}],"curies":[{"name":"wp","href":"https:\/\/api.w.org\/{rel}","templated":true}]}}