{"id":2435,"date":"2016-12-20T05:25:07","date_gmt":"2016-12-20T05:25:07","guid":{"rendered":"https:\/\/fertility-miami.com\/treatment\/male-factor-infertility\/"},"modified":"2019-11-21T18:30:41","modified_gmt":"2019-11-21T18:30:41","slug":"male-factor-infertility","status":"publish","type":"page","link":"https:\/\/fertility-miami.com\/es\/treatment\/male-factor-infertility\/","title":{"rendered":"Factor Masculino de Infertilidad"},"content":{"rendered":"<div class=\"wpb-content-wrapper\"><p>[vc_row][vc_column][vc_empty_space height=\u00bb5px\u00bb][vc_custom_heading source=\u00bbpost_title\u00bb font_container=\u00bbtag:h1|text_align:left|color:%2343578e\u00bb use_theme_fonts=\u00bbyes\u00bb][\/vc_column][\/vc_row][vc_row][vc_column][vc_column_text]<\/p>\n<div class=\"new_container about range Infertility\">\n<div class=\"new_one\">\n<p>Debido que la infertilidad masculina representa aproximadamente el 40% de todos los casos, la evaluaci\u00f3n y la optimizaci\u00f3n de la salud reproductiva de un hombre son muy importantes. Ciertos casos de infertilidad masculina se deben a un varicocele (dilataci\u00f3n de la vena escrotal), obstrucci\u00f3n del conducto eyaculatorio o trastornos eyaculatorios. Aproximadamente, el 90% de la infertilidad masculina se debe a la producci\u00f3n deficiente de esperma.<\/p>\n<p>La Espermatog\u00e9nesis (producci\u00f3n esperm\u00e1tica): tiene lugar en unos peque\u00f1os conductos en los test\u00edculos. Toma aproximadamente 72 d\u00edas de divisi\u00f3n celular y maduraci\u00f3n, para tener una c\u00e9lula esperm\u00e1tica madura. Por lo tanto hoy en d\u00eda, el esperma eyaculado, es afectado por su dieta, la exposici\u00f3n a las toxinas, las medicaciones, y las enfermedades de los 3 meses anteriores.<\/p>\n<p>Embarazo despu\u00e9s de la vasectom\u00eda: la esperma se puede aspirar del epid\u00eddimo (PESA) o de los test\u00edculos (TESA) e inyectarse directamente en los \u00f3vulos (ICSI).<\/p>\n<p>El an\u00e1lisis del semen mide lo siguiente:<\/p>\n<ul>\n<li>Concentraci\u00f3n esperm\u00e1tica<\/li>\n<li>Motilidad<\/li>\n<li>Morfolog\u00eda (Forma del espermatozoide)<\/li>\n<\/ul>\n<p><strong>Prueba de fragmentaci\u00f3n del ADN esperm\u00e1tico:<\/strong> La prueba de Ensayo de la Estructura de Cromatina del esperma, mide la fragmentaci\u00f3n del ADN esperm\u00e1tico.<\/p>\n<p><strong>Antiespermatozoide Anticorporal:<\/strong> Puede hacer que el esperma se agrupe dificultando la fertilizaci\u00f3n.<\/p>\n<p><strong>La Criopreservaci\u00f3n de esperma:<\/strong> Los pacientes pueden beneficiarse congelando sus espermatozoides para su uso futuro. Por ejemplo: antes de recibir quimioterapia o tratamiento de radiaci\u00f3n para el c\u00e1ncer, antes de tener una vasectom\u00eda o una cirug\u00eda testicular. El esperma se puede utilizar m\u00e1s adelante para la inseminaci\u00f3n o fertilizaci\u00f3n in vitro. Dado que la infertilidad masculina representa aproximadamente el 40% de todos los casos, la evaluaci\u00f3n y la optimizaci\u00f3n de la salud reproductiva de un hombre son muy importantes.<\/p>\n<p>Ciertos casos de infertilidad masculina son producidos por varicocele (dilataci\u00f3n de la vena escrotal), obstrucci\u00f3n del conducto eyaculatorio.<\/p>\n<ul>\n<li>An\u00e1lisis de semen<\/li>\n<li>Criopreservaci\u00f3n de espermatozoides<\/li>\n<li><a href=\"https:\/\/fertility-miami.com\/es\/what-is-tesapesa\/\">PESA<\/a><\/li>\n<li><a href=\"https:\/\/fertility-miami.com\/es\/testicular-sperm-aspiration-tesa\/\">TESA<\/a><\/li>\n<li><a href=\"https:\/\/fertility-miami.com\/es\/about-the-sperm-chromatin-structure-scsa-test\/\">Prueba Sobre la Estructura de la Cromatina Esperm\u00e1tica (SCSA\u00ae)<\/a><\/li>\n<\/ul>\n<\/div>\n<\/div>\n<p>[\/vc_column_text][\/vc_column][\/vc_row][vc_row][vc_column][vc_empty_space height=\u00bb5px\u00bb][\/vc_column][\/vc_row]<\/p>\n<\/div>","protected":false},"excerpt":{"rendered":"<p>[vc_row][vc_column][vc_empty_space height=\u00bb5px\u00bb][vc_custom_heading source=\u00bbpost_title\u00bb font_container=\u00bbtag:h1|text_align:left|color:%2343578e\u00bb use_theme_fonts=\u00bbyes\u00bb][\/vc_column][\/vc_row][vc_row][vc_column][vc_column_text] Debido que la infertilidad masculina representa aproximadamente el 40% de todos los casos, la evaluaci\u00f3n y la optimizaci\u00f3n de la salud<span class=\"excerpt-hellip\"> [\u2026]<\/span><\/p>\n","protected":false},"author":1,"featured_media":0,"parent":2287,"menu_order":11,"comment_status":"closed","ping_status":"closed","template":"","meta":{"footnotes":""},"class_list":["post-2435","page","type-page","status-publish","hentry"],"_links":{"self":[{"href":"https:\/\/fertility-miami.com\/es\/wp-json\/wp\/v2\/pages\/2435","targetHints":{"allow":["GET"]}}],"collection":[{"href":"https:\/\/fertility-miami.com\/es\/wp-json\/wp\/v2\/pages"}],"about":[{"href":"https:\/\/fertility-miami.com\/es\/wp-json\/wp\/v2\/types\/page"}],"author":[{"embeddable":true,"href":"https:\/\/fertility-miami.com\/es\/wp-json\/wp\/v2\/users\/1"}],"replies":[{"embeddable":true,"href":"https:\/\/fertility-miami.com\/es\/wp-json\/wp\/v2\/comments?post=2435"}],"version-history":[{"count":2,"href":"https:\/\/fertility-miami.com\/es\/wp-json\/wp\/v2\/pages\/2435\/revisions"}],"predecessor-version":[{"id":5985,"href":"https:\/\/fertility-miami.com\/es\/wp-json\/wp\/v2\/pages\/2435\/revisions\/5985"}],"up":[{"embeddable":true,"href":"https:\/\/fertility-miami.com\/es\/wp-json\/wp\/v2\/pages\/2287"}],"wp:attachment":[{"href":"https:\/\/fertility-miami.com\/es\/wp-json\/wp\/v2\/media?parent=2435"}],"curies":[{"name":"wp","href":"https:\/\/api.w.org\/{rel}","templated":true}]}}