{"id":2432,"date":"2016-12-20T05:03:07","date_gmt":"2016-12-20T05:03:07","guid":{"rendered":"https:\/\/fertility-miami.com\/patient-education\/"},"modified":"2024-01-29T17:26:34","modified_gmt":"2024-01-29T17:26:34","slug":"patient-education","status":"publish","type":"page","link":"https:\/\/fertility-miami.com\/es\/patient-education\/","title":{"rendered":"Educaci\u00f3n del Paciente"},"content":{"rendered":"<div class=\"wpb-content-wrapper\"><p>[vc_row][vc_column][vc_empty_space height=\u00bb5px\u00bb][vc_custom_heading text=\u00bbEducaci\u00f3n del Paciente\u00bb font_container=\u00bbtag:h1|text_align:left|color:%23ffa300&#8243; use_theme_fonts=\u00bbyes\u00bb][vc_column_text]<\/p>\n<div class=\"new_container about range edu\">\n<div class=\"new_one\">\n<p style=\"font-size: 18px;\"><span id=\"result_box\" class=\"\" lang=\"es\"><span class=\"\">La atenci\u00f3n reproductiva en el Fertility Center of Miami comienza con la educaci\u00f3n del paciente, para que puedas comprender completamente el proceso y participar en todas las decisiones de tratamiento.<\/span><\/span><\/p>\n<p>&nbsp;<\/p>\n<h4><\/h4>\n<h4><span style=\"color: #ffa300;\">Pruebas Diagn\u00f3sticas<\/span><\/h4>\n<ul>\n<li><a style=\"color: #a82c72;\" href=\"https:\/\/fertility-miami.com\/wp-content\/uploads\/2023\/08\/14_Hysterosalpinogram_2023__02_SPA.pdf\" target=\"_blank\" rel=\"noopener noreferrer\"><span id=\"result_box\" class=\"\" lang=\"es\"><span title=\"Frequently Ask Questions: Hysterosalpingogram \u00a0\u00a0\u00a0\u00a0\">Preguntas frecuentes: Histerosalpingograma<\/span><\/span><\/a><\/li>\n<li><a style=\"color: #a82c72;\" href=\"https:\/\/fertility-miami.com\/wp-content\/uploads\/2023\/08\/15_Hysteroscopy_2023__02_SPA.pdf\" target=\"_blank\" rel=\"noopener noreferrer\">Preguntas frecuentes: Histeroscopia <\/a><\/li>\n<li><a style=\"color: #a82c72;\" href=\"\/wp-content\/uploads\/2023\/02\/16_Postcoital-testing_2023_SPA.pdf\" target=\"_blank\" rel=\"noopener noreferrer\">Informaci\u00f3n sobre las Pruebas postcoitales<\/a><\/li>\n<li><a style=\"color: #a82c72;\" href=\"https:\/\/fertility-miami.com\/wp-content\/uploads\/2023\/08\/17_Endometrial-biopsy_2023__02_SPA.pdf\" target=\"_blank\" rel=\"noopener noreferrer\">Informaci\u00f3n sobre biopsia endometrial<\/a><\/li>\n<\/ul>\n<\/div>\n<p>&nbsp;<\/p>\n<div class=\"new_one\">\n<h4><\/h4>\n<h4><span style=\"color: #ffa300;\">Tratamientos de Fertilidad<\/span><\/h4>\n<ul>\n<li><a style=\"color: #a82c72;\" href=\"\/wp-content\/uploads\/2024\/01\/18_The-ART-of-Fertility-a-patiente-guide_2024_ENG_V01-1.pdf\" target=\"_blank\" rel=\"noopener noreferrer\">T\u00e9cnicas de Reproducci\u00f3n Asistida: Una gu\u00eda para el paciente<\/a><\/li>\n<li><a style=\"color: #a82c72;\" href=\"\/wp-content\/uploads\/2023\/02\/12_Donor-Egg-Program-Recipient-booklet_2023_SPA.pdf\" target=\"_blank\" rel=\"noopener noreferrer\">Programa de donaci\u00f3n de \u00f3vulos<\/a><\/li>\n<li><a style=\"color: #a82c72;\" href=\"\/wp-content\/uploads\/2023\/02\/19_Intrauterine-Insemination_2023_SPA.pdf\" target=\"_blank\" rel=\"noopener noreferrer\">Preguntas frecuentes: inseminaci\u00f3n intrauterina<\/a><\/li>\n<li><a style=\"color: #a82c72;\" href=\"\/wp-content\/uploads\/2023\/02\/20_Ovarian-Hyperstimulation-Syndrome_2023_SPA.pdf\" target=\"_blank\" rel=\"noopener noreferrer\">Preguntas frecuentes sobre el S\u00edndrome de hiperestimulaci\u00f3n ov\u00e1rica (OHSS)<\/a><\/li>\n<li><a style=\"color: #a82c72;\" href=\"\/wp-content\/uploads\/2023\/02\/21_Gestational-Surrogacy-Program_2023_SPA.pdf\" target=\"_blank\" rel=\"noopener noreferrer\">Informaci\u00f3n sobre el Programa de Subrogaci\u00f3n Gestacional<\/a><\/li>\n<li><a style=\"color: #a82c72;\" href=\"https:\/\/fertility-miami.com\/wp-content\/uploads\/2023\/08\/22_Gonadotropin-therapy_SPA_2023__02.pdf\" target=\"_blank\" rel=\"noopener noreferrer\">Informaci\u00f3n sobre la comprensi\u00f3n de la Terapia con Gonadotropinas<\/a><\/li>\n<\/ul>\n<\/div>\n<p>&nbsp;<\/p>\n<div class=\"new_one\">\n<h4><\/h4>\n<h4><span style=\"color: #ffa300;\">Medicamentos<\/span><\/h4>\n<ul>\n<li><a style=\"color: #a82c72;\" href=\"\/wp-content\/uploads\/2023\/02\/23_Progesterone-Suppositories_2023_SPA.pdf\" target=\"_blank\" rel=\"noopener noreferrer\">Informaci\u00f3n sobre Supositorios de progesterona<\/a><\/li>\n<li><a style=\"color: #a82c72;\" href=\"https:\/\/fertility-miami.com\/wp-content\/uploads\/2023\/08\/24_Clomiphene_SPA_2023__02.pdf\" target=\"_blank\" rel=\"noopener noreferrer\">Informaci\u00f3n sobre el Citrato de clomifeno<\/a><\/li>\n<\/ul>\n<\/div>\n<p>&nbsp;<\/p>\n<div class=\"new_one\">\n<h4><\/h4>\n<h4><span style=\"color: #ffa300;\">Infertilidad Masculina<\/span><\/h4>\n<ul>\n<li><a style=\"color: #a82c72;\" href=\"\/wp-content\/uploads\/2023\/02\/25_Male-Reproductive-Health_2023_SPA.pdf\" target=\"_blank\" rel=\"noopener noreferrer\">Preguntas frecuentes sobre la salud reproductiva masculina<\/a><\/li>\n<li><a style=\"color: #a82c72;\" href=\"\/wp-content\/uploads\/2023\/02\/26_Retrograde-Ejaculation_2023_SPA.pdf\" target=\"_blank\" rel=\"noopener noreferrer\">Informaci\u00f3n sobre la eyaculaci\u00f3n retr\u00f3grada<\/a><\/li>\n<\/ul>\n<\/div>\n<p>&nbsp;<\/p>\n<div class=\"new_one\">\n<h4><\/h4>\n<h4><span style=\"color: #ffa300;\">Miscelaneas<\/span><\/h4>\n<ul>\n<li><a style=\"color: #a82c72;\" href=\"\/wp-content\/uploads\/2023\/02\/27_Ectopic_pregnancy_2023_SPA.pdf\" target=\"_blank\" rel=\"noopener noreferrer\">Preguntas frecuentes sobre el embarazo ect\u00f3pico<\/a><\/li>\n<li><a style=\"color: #a82c72;\" href=\"https:\/\/fertility-miami.com\/wp-content\/uploads\/2023\/08\/28-Patient-Education-Rubella-SPA_2023__02.pdf\" target=\"_blank\" rel=\"noopener noreferrer\">Preguntas frecuentes sobre la rub\u00e9ola para adultos<\/a><\/li>\n<li><a style=\"color: #a82c72;\" href=\"\/wp-content\/uploads\/2023\/02\/29_Smoking-and-Infertility_SPA_2023.pdf\" target=\"_blank\" rel=\"noopener noreferrer\">Informaci\u00f3n sobre Fumadores e infertilidad<\/a><\/li>\n<li><a style=\"color: #a82c72;\" href=\"\/wp-content\/uploads\/2023\/02\/30_Cervical-Infections_SPA_2023.pdf\" target=\"_blank\" rel=\"noopener noreferrer\">Preguntas frecuentes sobre infecciones cervicales<\/a><\/li>\n<li><a style=\"color: #a82c72;\" href=\"\/wp-content\/uploads\/2023\/02\/06_Supplements-Ovarian-Reserve-Brochure_2023_SPA.pdf\" target=\"_blank\" rel=\"noopener noreferrer\">Informaci\u00f3n sobre suplementos para la reserva ov\u00e1rica<\/a><\/li>\n<\/ul>\n<\/div>\n<\/div>\n<p>[\/vc_column_text][\/vc_column][\/vc_row][vc_row][vc_column][vc_empty_space height=\u00bb5px\u00bb][\/vc_column][\/vc_row]<\/p>\n<\/div>","protected":false},"excerpt":{"rendered":"<p>[vc_row][vc_column][vc_empty_space height=\u00bb5px\u00bb][vc_custom_heading text=\u00bbEducaci\u00f3n del Paciente\u00bb font_container=\u00bbtag:h1|text_align:left|color:%23ffa300&#8243; use_theme_fonts=\u00bbyes\u00bb][vc_column_text] La atenci\u00f3n reproductiva en el Fertility Center of Miami comienza con la educaci\u00f3n del paciente, para que puedas comprender<span class=\"excerpt-hellip\"> [\u2026]<\/span><\/p>\n","protected":false},"author":1,"featured_media":0,"parent":0,"menu_order":0,"comment_status":"closed","ping_status":"closed","template":"","meta":{"footnotes":""},"class_list":["post-2432","page","type-page","status-publish","hentry"],"_links":{"self":[{"href":"https:\/\/fertility-miami.com\/es\/wp-json\/wp\/v2\/pages\/2432","targetHints":{"allow":["GET"]}}],"collection":[{"href":"https:\/\/fertility-miami.com\/es\/wp-json\/wp\/v2\/pages"}],"about":[{"href":"https:\/\/fertility-miami.com\/es\/wp-json\/wp\/v2\/types\/page"}],"author":[{"embeddable":true,"href":"https:\/\/fertility-miami.com\/es\/wp-json\/wp\/v2\/users\/1"}],"replies":[{"embeddable":true,"href":"https:\/\/fertility-miami.com\/es\/wp-json\/wp\/v2\/comments?post=2432"}],"version-history":[{"count":19,"href":"https:\/\/fertility-miami.com\/es\/wp-json\/wp\/v2\/pages\/2432\/revisions"}],"predecessor-version":[{"id":2894,"href":"https:\/\/fertility-miami.com\/es\/wp-json\/wp\/v2\/pages\/2432\/revisions\/2894"}],"wp:attachment":[{"href":"https:\/\/fertility-miami.com\/es\/wp-json\/wp\/v2\/media?parent=2432"}],"curies":[{"name":"wp","href":"https:\/\/api.w.org\/{rel}","templated":true}]}}