{"id":2428,"date":"2017-02-09T06:35:50","date_gmt":"2017-02-09T06:35:50","guid":{"rendered":"https:\/\/fertility-miami.com\/frozen-embryo-transfer\/"},"modified":"2017-10-17T22:06:40","modified_gmt":"2017-10-17T22:06:40","slug":"frozen-embryo-transfer","status":"publish","type":"page","link":"https:\/\/fertility-miami.com\/es\/frozen-embryo-transfer\/","title":{"rendered":"Transferencia de embriones congelados"},"content":{"rendered":"<div class=\"wpb-content-wrapper\"><p>[vc_row][vc_column][vc_empty_space height=\u00bb5px\u00bb][vc_custom_heading source=\u00bbpost_title\u00bb font_container=\u00bbtag:h2|text_align:left|color:%23ffa300&#8243; use_theme_fonts=\u00bbyes\u00bb][vc_column_text]Durante la transferencia de embriones congelados, los embriones se descongelan y se transfieren dentro del \u00fatero. Los embriones se deben transferir dentro de la matriz durante un per\u00edodo espec\u00edfico en el cual el \u00fatero es receptivo para que se puedan implantar. Se crea un ciclo artificial para acondicionar al \u00fatero y transferir a los embriones en el per\u00edodo m\u00e1s \u00f3ptimo.<\/p>\n<p>Las pacientes comienzan las inyecciones de Lupron una semana antes de que empiece la menstruaci\u00f3n para suprimir a los ovarios.<\/p>\n<p>Una vez que empieza la regla, se hace un sonograma de base para detectar cualquier quiste o anormalidad en los ovarios y, se hace un an\u00e1lisis de sangre para medir el nivel de la hormona Estradiol para verificar que se ha logrado la supresi\u00f3n. Si los estudios de base son normales, la paciente comienza un r\u00e9gimen de parches que se adhieren a la piel y que contienen Estradiol. En algunos casos, se usan p\u00edldoras llamadas Estrace en vez de parches. La hormona Estradiol construye el revestimiento del \u00fatero para recibir a un embri\u00f3n. Al d\u00eda 13 del r\u00e9gimen de parches, se realiza un sonograma para verificar que el revestimiento uterino haya alcanzado el grosor \u00f3ptimo, y que el nivel Estradiol sea apropiado. Despu\u00e9s de estos estudios, se le indica a la paciente cuando debe comenzar con las inyecciones de Progesterona y parar las inyecciones de Lupron (en general el d\u00eda 15 de los parches). Entonces los embriones se descongelan en le d\u00eda indicado de acuerdo con su estado de desarrollo. La transferencia se lleva acabo el d\u00eda correspondiente. Una prueba de embarazo por medio de un an\u00e1lisis de sangre se realiza igual que durante un ciclo com\u00fan FIV. Durante este ciclo de tratamiento es esencial la continuaci\u00f3n del apoyo hormonal de los parches y las inyecciones. Cuando la paciente se embaraza, el apoyo hormonal continua a trav\u00e9s de la d\u00e9cima a la duod\u00e9cima semana de embarazo.[\/vc_column_text][vc_empty_space height=\u00bb5px\u00bb][\/vc_column][\/vc_row]<\/p>\n<\/div>","protected":false},"excerpt":{"rendered":"<p>[vc_row][vc_column][vc_empty_space height=\u00bb5px\u00bb][vc_custom_heading source=\u00bbpost_title\u00bb font_container=\u00bbtag:h2|text_align:left|color:%23ffa300&#8243; use_theme_fonts=\u00bbyes\u00bb][vc_column_text]Durante la transferencia de embriones congelados, los embriones se descongelan y se transfieren dentro del \u00fatero. Los embriones se deben transferir dentro<span class=\"excerpt-hellip\"> [\u2026]<\/span><\/p>\n","protected":false},"author":1,"featured_media":0,"parent":0,"menu_order":0,"comment_status":"closed","ping_status":"closed","template":"","meta":{"footnotes":""},"class_list":["post-2428","page","type-page","status-publish","hentry"],"_links":{"self":[{"href":"https:\/\/fertility-miami.com\/es\/wp-json\/wp\/v2\/pages\/2428","targetHints":{"allow":["GET"]}}],"collection":[{"href":"https:\/\/fertility-miami.com\/es\/wp-json\/wp\/v2\/pages"}],"about":[{"href":"https:\/\/fertility-miami.com\/es\/wp-json\/wp\/v2\/types\/page"}],"author":[{"embeddable":true,"href":"https:\/\/fertility-miami.com\/es\/wp-json\/wp\/v2\/users\/1"}],"replies":[{"embeddable":true,"href":"https:\/\/fertility-miami.com\/es\/wp-json\/wp\/v2\/comments?post=2428"}],"version-history":[{"count":0,"href":"https:\/\/fertility-miami.com\/es\/wp-json\/wp\/v2\/pages\/2428\/revisions"}],"wp:attachment":[{"href":"https:\/\/fertility-miami.com\/es\/wp-json\/wp\/v2\/media?parent=2428"}],"curies":[{"name":"wp","href":"https:\/\/api.w.org\/{rel}","templated":true}]}}