{"id":2426,"date":"2016-12-20T05:02:43","date_gmt":"2016-12-20T05:02:43","guid":{"rendered":"https:\/\/fertility-miami.com\/international-patients\/"},"modified":"2022-05-12T14:18:14","modified_gmt":"2022-05-12T14:18:14","slug":"international-patients","status":"publish","type":"page","link":"https:\/\/fertility-miami.com\/es\/international-patients\/","title":{"rendered":"PACIENTES INTERNACIONALES"},"content":{"rendered":"<div class=\"wpb-content-wrapper\"><p>[vc_row][vc_column][vc_empty_space height=\u00bb5px\u00bb][vc_custom_heading text=\u00bbPacientes Internacionales<br \/>\n\u00bb font_container=\u00bbtag:h1|text_align:left|color:%238068ff\u00bb use_theme_fonts=\u00bbyes\u00bb][vc_column_text]<\/p>\n<div class=\"new_container about range ivf\">\n<div class=\"new_one\">\n<h4 style=\"color: #8068ff;\">El mejor cuidado reproductivo para pacientes internacionales.<\/h4>\n<p>En Fertility Center of Miami nos esforzamos por ayudar a nuestros pacientes a alcanzar su sue\u00f1o de formar una familia. Miles de parejas de todo el mundo viajan hacia nosotros para recibir un tratamiento y vuelven a su casa embarazadas. Nuestra pr\u00e1ctica brinda asistencia a pacientes internacionales que a menudo se benefician de nuestras recomendaciones en alojamiento, restaurantes, arreglos de viaje y servicios de traductores si es necesario. Nuestros m\u00e9dicos hablan ingl\u00e9s, espa\u00f1ol y portugu\u00e9s.<\/p>\n<p>Si es necesario, coordinaremos la atenci\u00f3n con un m\u00e9dico en tu pa\u00eds de origen para facilitar el tratamiento y disminuir la duraci\u00f3n de tu estad\u00eda en Miami. Las consultas iniciales pueden llevarse a cabo a trav\u00e9s de Skype o por tel\u00e9fono. Nuestros m\u00e9dicos revisar\u00e1n tus registros m\u00e9dicos, te explicar\u00e1n tus opciones y te recomendar\u00e1n un plan de tratamiento. Nuestras enfermeras y coordinadores internacionales de atenci\u00f3n al paciente te ayudar\u00e1n con todas sus necesidades para que te sientas como en casa.<\/p>\n<p>En muchos casos, el trabajo inicial, la evaluaci\u00f3n y el inicio de algunos tratamientos pueden iniciarse en tu pa\u00eds o ciudad de residencia.<\/p>\n<p>Un tratamiento en IVF requiere de una estad\u00eda en Miami de aproximadamente 10 a 20 d\u00edas dependiendo de la respuesta ov\u00e1rica, del acceso a la monitorizaci\u00f3n en el hogar y de si tiene lugar un nuevo tratamiento de embriones. Con PGD \/ PGS la estad\u00eda en Miami es menor, pero tendr\u00e1s que regresar para la transferencia de embriones congelados, lo que podr\u00eda requerir de 3 a 4 d\u00edas en Miami.<\/p>\n<p>Los pacientes que no cuentan con un centro local para asistir en las primeras etapas de su tratamiento pueden necesitar extender su estad\u00eda en Miami por tiempo adicional. Los tratamientos de fertilidad pueden ser costosos. Los viajes y alojamientos internacionales pueden agregarse a ese costo. En Fertility Center of Miami reconocemos este desaf\u00edo, y estamos dedicados a ayudar a los pacientes mediante la pr\u00e1ctica de medicamentos rentables, eficientes en el tiempo y basados en datos.<\/p>\n<h4 style=\"color: #8068ff;\">Ponte en contacto con nosotros para que un coordinador internacional de atenci\u00f3n al paciente pueda ayudarte.<\/h4>\n<\/div>\n<\/div>\n<p>[\/vc_column_text][vc_empty_space height=\u00bb5px\u00bb][\/vc_column][\/vc_row]<\/p>\n<\/div>","protected":false},"excerpt":{"rendered":"<p>[vc_row][vc_column][vc_empty_space height=\u00bb5px\u00bb][vc_custom_heading text=\u00bbPacientes Internacionales \u00bb font_container=\u00bbtag:h1|text_align:left|color:%238068ff\u00bb use_theme_fonts=\u00bbyes\u00bb][vc_column_text] El mejor cuidado reproductivo para pacientes internacionales. En Fertility Center of Miami nos esforzamos por ayudar a nuestros pacientes<span class=\"excerpt-hellip\"> [\u2026]<\/span><\/p>\n","protected":false},"author":1,"featured_media":0,"parent":0,"menu_order":0,"comment_status":"closed","ping_status":"closed","template":"","meta":{"footnotes":""},"class_list":["post-2426","page","type-page","status-publish","hentry"],"_links":{"self":[{"href":"https:\/\/fertility-miami.com\/es\/wp-json\/wp\/v2\/pages\/2426","targetHints":{"allow":["GET"]}}],"collection":[{"href":"https:\/\/fertility-miami.com\/es\/wp-json\/wp\/v2\/pages"}],"about":[{"href":"https:\/\/fertility-miami.com\/es\/wp-json\/wp\/v2\/types\/page"}],"author":[{"embeddable":true,"href":"https:\/\/fertility-miami.com\/es\/wp-json\/wp\/v2\/users\/1"}],"replies":[{"embeddable":true,"href":"https:\/\/fertility-miami.com\/es\/wp-json\/wp\/v2\/comments?post=2426"}],"version-history":[{"count":4,"href":"https:\/\/fertility-miami.com\/es\/wp-json\/wp\/v2\/pages\/2426\/revisions"}],"predecessor-version":[{"id":7296,"href":"https:\/\/fertility-miami.com\/es\/wp-json\/wp\/v2\/pages\/2426\/revisions\/7296"}],"wp:attachment":[{"href":"https:\/\/fertility-miami.com\/es\/wp-json\/wp\/v2\/media?parent=2426"}],"curies":[{"name":"wp","href":"https:\/\/api.w.org\/{rel}","templated":true}]}}