{"id":2409,"date":"2016-12-20T05:18:46","date_gmt":"2016-12-20T05:18:46","guid":{"rendered":"https:\/\/fertility-miami.com\/about-us__trashed\/nursing-team\/"},"modified":"2024-10-02T14:03:15","modified_gmt":"2024-10-02T14:03:15","slug":"nursing-team","status":"publish","type":"page","link":"https:\/\/fertility-miami.com\/es\/about-us-2\/nursing-team\/","title":{"rendered":"Equipo de Enfermeras"},"content":{"rendered":"<div class=\"wpb-content-wrapper\"><p>[vc_row][vc_column][vc_empty_space height=\u00bb5x\u00bb][vc_custom_heading text=\u00bbEquipo de Enfermeras\u00bb font_container=\u00bbtag:h1|text_align:left|color:%23d62b91&#8243; use_theme_fonts=\u00bbyes\u00bb][vc_column_text]<\/p>\n<h4 style=\"color: #d62b91;\">Nuestras Enfermeras<\/h4>\n<p>Las enfermeras en el Fertility Center of Miami son el alma de la oficina. Ellas te acompa\u00f1ar\u00e1n a trav\u00e9s del proceso de tratamiento con gran compasi\u00f3n y apoyo. Siempre est\u00e1n disponibles para atender tus preguntas y preocupaciones.[\/vc_column_text][\/vc_column][\/vc_row][vc_row][vc_column width=\u00bb1\/4&#8243;][\/vc_column][vc_column width=\u00bb1\/4&#8243;][\/vc_column][vc_column width=\u00bb1\/4&#8243;][\/vc_column][vc_column width=\u00bb1\/4&#8243;][\/vc_column][\/vc_row][vc_row][vc_column width=\u00bb1\/4&#8243;][vc_column_text]<\/p>\n<div class=\"new_container about\">\n<div class=\"new_one about-lab\">\n<div class=\"nurse\">\n<p><img decoding=\"async\" class=\"alignleft\" src=\"\/wp-content\/uploads\/2024\/05\/M-Suarez.jpg\" alt=\"Mailennys Suarez, RN\" \/><span style=\"text-align: left; display: inline-block; width: 100%; color: #5e5ca8; font-size: 16px; font-weight: bold; margin-top: 15px;\">Maily Suarez, RN<\/span><\/p>\n<p style=\"text-align: left; color: #d62b91; font-size: 14px;\">Directora<br \/>\nde Enfermer\u00eda<br \/>\n<span style=\"color: #5e5ca8;\">Enfermera Certificada en Fertilidad<\/span><\/p>\n<\/div>\n<p style=\"font-size: 10px; text-align: center;\">\n<\/div>\n<\/div>\n<p>[\/vc_column_text][vc_column_text]<\/p>\n<div class=\"new_container about\">\n<div class=\"new_one about-lab\">\n<div class=\"nurse\">\n<p><img decoding=\"async\" class=\"alignleft\" src=\"\/wp-content\/uploads\/2024\/05\/D-Williams.jpg\" alt=\"Denise Williams, RN\" \/><span style=\"text-align: left; display: inline-block; width: 100%; color: #5e5ca8; font-size: 16px; font-weight: bold; margin-top: 15px;\">Denise Williams, RN<\/span><\/p>\n<p style=\"text-align: left; color: #d62b91; font-size: 14px;\">Coordinadora de<br \/>\nPacientes Internacionales<br \/>\n<span style=\"color: #5e5ca8;\">Enfermera Certificada en Fertilidad<\/span><\/p>\n<\/div>\n<\/div>\n<\/div>\n<p>[\/vc_column_text][\/vc_column][vc_column width=\u00bb1\/4&#8243;][vc_column_text]<\/p>\n<div class=\"new_container about\">\n<div class=\"new_one about-lab\">\n<div class=\"nurse\">\n<p><img decoding=\"async\" class=\"alignleft\" src=\"\/wp-content\/uploads\/2024\/05\/J-Matijevic.jpg\" alt=\"Joanie Matijevic, RN\" \/><span style=\"text-align: left; display: inline-block; width: 100%; color: #5e5ca8; font-size: 16px; font-weight: bold; margin-top: 15px;\">Joanie Matijevic, RN<\/span><\/p>\n<p style=\"text-align: left; color: #d62b91; font-size: 14px;\">Supervisora<br \/>\nde Enfermer\u00eda<br \/>\n<span style=\"color: #5e5ca8;\">Enfermera Certificada en Fertilidad<\/span><\/p>\n<\/div>\n<p style=\"font-size: 10px; text-align: center;\">\n<\/div>\n<\/div>\n<p>[\/vc_column_text][vc_column_text]<\/p>\n<div class=\"new_container about\">\n<div class=\"new_one about-lab\">\n<div class=\"nurse\">\n<p><img decoding=\"async\" class=\"alignleft\" src=\"\/wp-content\/uploads\/2024\/05\/T-Garcia.jpg\" alt=\"Teresa Garcia, RN\" \/><span style=\"text-align: left; display: inline-block; width: 100%; color: #5e5ca8; font-size: 16px; font-weight: bold; margin-top: 15px;\">Teresa Garcia, RN<\/span><\/p>\n<p style=\"text-align: left; color: #d62b91; font-size: 14px;\">Coordinadora de<br \/>\nPacientes Internacionales<br \/>\n<span style=\"color: #5e5ca8;\">Enfermera Certificada en Fertilidad<\/span><\/p>\n<\/div>\n<\/div>\n<\/div>\n<p>[\/vc_column_text][\/vc_column][vc_column width=\u00bb1\/4&#8243;][vc_column_text]<\/p>\n<div class=\"new_container about\">\n<div class=\"new_one about-lab\">\n<div class=\"nurse\">\n<p><img decoding=\"async\" class=\"alignleft\" src=\"\/wp-content\/uploads\/2024\/05\/M-Hall-Humpehrson.jpg\" alt=\"Marcia Hall-Humpehrson, RN\" \/><span style=\"text-align: left; display: inline-block; width: 100%; color: #5e5ca8; font-size: 16px; font-weight: bold; margin-top: 15px;\">Marcia Hall-Humpehrson, RN<\/span><\/p>\n<p style=\"text-align: left; color: #d62b91; font-size: 14px;\">Coordinadora de Donaci\u00f3n<br \/>\nde \u00f3vulos y Subrogaci\u00f3n<br \/>\n<span style=\"color: #5e5ca8;\">Enfermera Certificada en Fertilidad<\/span><\/p>\n<\/div>\n<\/div>\n<\/div>\n<p>[\/vc_column_text][vc_column_text]<\/p>\n<div class=\"new_container about\">\n<div class=\"new_one about-lab\">\n<div class=\"nurse\">\n<p><img decoding=\"async\" class=\"alignleft\" src=\"\/wp-content\/uploads\/2024\/05\/M-Alvarez.jpg\" alt=\"Michelle \u00c1lvarez, RN\" \/><span style=\"text-align: left; display: inline-block; width: 100%; color: #5e5ca8; font-size: 16px; font-weight: bold; margin-top: 15px;\">Michelle \u00c1lvarez, RN<\/span><\/p>\n<p style=\"text-align: left; color: #d62b91; font-size: 14px;\">Enfermera de Fertilidad<\/p>\n<\/div>\n<p style=\"font-size: 10px; text-align: center;\">\n<\/div>\n<\/div>\n<p>[\/vc_column_text][\/vc_column][vc_column width=\u00bb1\/4&#8243;][vc_column_text]<\/p>\n<div class=\"new_container about\">\n<div class=\"new_one about-lab\">\n<div class=\"nurse\">\n<p><img decoding=\"async\" class=\"alignleft\" src=\"\/wp-content\/uploads\/2024\/05\/E-Gottardi.jpg\" alt=\"Elena Gottardi, RN\" \/><span style=\"text-align: left; display: inline-block; width: 100%; color: #5e5ca8; font-size: 16px; font-weight: bold; margin-top: 15px;\">Elena Gottardi, RN<\/span><\/p>\n<p style=\"text-align: left; color: #d62b91; font-size: 14px;\">Coordinadora de Donaci\u00f3n<br \/>\nde \u00f3vulos y Subrogaci\u00f3n<br \/>\n<span style=\"color: #5e5ca8;\">Enfermera Certificada en Fertilidad<\/span><\/p>\n<\/div>\n<\/div>\n<\/div>\n<p>[\/vc_column_text][\/vc_column][\/vc_row][vc_row][vc_column][vc_column_text]<\/p>\n<p>[\/vc_column_text][\/vc_column][\/vc_row][vc_row][vc_column width=\u00bb1\/4&#8243;][\/vc_column][vc_column width=\u00bb1\/4&#8243;][\/vc_column][vc_column width=\u00bb1\/4&#8243;][\/vc_column][vc_column width=\u00bb1\/4&#8243;][\/vc_column][\/vc_row]<\/p>\n<\/div>","protected":false},"excerpt":{"rendered":"<p>[vc_row][vc_column][vc_empty_space height=\u00bb5x\u00bb][vc_custom_heading text=\u00bbEquipo de Enfermeras\u00bb font_container=\u00bbtag:h1|text_align:left|color:%23d62b91&#8243; use_theme_fonts=\u00bbyes\u00bb][vc_column_text] Nuestras Enfermeras Las enfermeras en el Fertility Center of Miami son el alma de la oficina. Ellas te acompa\u00f1ar\u00e1n<span class=\"excerpt-hellip\"> [\u2026]<\/span><\/p>\n","protected":false},"author":1,"featured_media":0,"parent":2285,"menu_order":8,"comment_status":"closed","ping_status":"closed","template":"","meta":{"footnotes":""},"class_list":["post-2409","page","type-page","status-publish","hentry"],"_links":{"self":[{"href":"https:\/\/fertility-miami.com\/es\/wp-json\/wp\/v2\/pages\/2409","targetHints":{"allow":["GET"]}}],"collection":[{"href":"https:\/\/fertility-miami.com\/es\/wp-json\/wp\/v2\/pages"}],"about":[{"href":"https:\/\/fertility-miami.com\/es\/wp-json\/wp\/v2\/types\/page"}],"author":[{"embeddable":true,"href":"https:\/\/fertility-miami.com\/es\/wp-json\/wp\/v2\/users\/1"}],"replies":[{"embeddable":true,"href":"https:\/\/fertility-miami.com\/es\/wp-json\/wp\/v2\/comments?post=2409"}],"version-history":[{"count":37,"href":"https:\/\/fertility-miami.com\/es\/wp-json\/wp\/v2\/pages\/2409\/revisions"}],"predecessor-version":[{"id":8834,"href":"https:\/\/fertility-miami.com\/es\/wp-json\/wp\/v2\/pages\/2409\/revisions\/8834"}],"up":[{"embeddable":true,"href":"https:\/\/fertility-miami.com\/es\/wp-json\/wp\/v2\/pages\/2285"}],"wp:attachment":[{"href":"https:\/\/fertility-miami.com\/es\/wp-json\/wp\/v2\/media?parent=2409"}],"curies":[{"name":"wp","href":"https:\/\/api.w.org\/{rel}","templated":true}]}}