{"id":2379,"date":"2016-12-20T05:36:54","date_gmt":"2016-12-20T05:36:54","guid":{"rendered":"https:\/\/fertility-miami.com\/support\/"},"modified":"2019-11-07T18:59:36","modified_gmt":"2019-11-07T18:59:36","slug":"support","status":"publish","type":"page","link":"https:\/\/fertility-miami.com\/es\/current-patient-resources\/support\/","title":{"rendered":"Apoyo"},"content":{"rendered":"<div class=\"wpb-content-wrapper\"><p>[vc_row][vc_column][vc_empty_space height=\u00bb5px\u00bb][vc_custom_heading source=\u00bbpost_title\u00bb font_container=\u00bbtag:h1|text_align:left|color:%23f6ce00&#8243; use_theme_fonts=\u00bbyes\u00bb][\/vc_column][\/vc_row][vc_row][vc_column][vc_column_text]<\/p>\n<div class=\"patient-form\">\n<div class=\"new_one\">\n<h4 style=\"color: #f6ce00;\"><strong>Resolve<\/strong><\/h4>\n<p>RESOLVE: La Asociaci\u00f3n Nacional de Infertilidad es una organizaci\u00f3n ben\u00e9fica sin fines de lucro, que trabaja para mejorar las vidas de mujeres y hombres que viven con infertilidad.<\/p>\n<p>RESOLVE ofrece programas gratuitos de apoyo en las comunidades de todo el pa\u00eds, lidera los esfuerzos para aumentar la educaci\u00f3n p\u00fablica y reducir el estigma entorno a la infertilidad y promete proteger el acceso legal a todas las opciones de construcci\u00f3n de la familia.<\/p>\n<p><a href=\"http:\/\/www.resolve.org\/\" target=\"_blank\" rel=\"noopener noreferrer\">www.resolve.org<\/a><\/p>\n<h4 style=\"color: #f6ce00;\"><strong>Path 2 Parenthood<\/strong><\/h4>\n<p>Path2Parenthood (P2P) es una organizaci\u00f3n inclusiva comprometida ayudar a las personas a crear sus familias, proporcionando programas de alcance de vanguardia e informaci\u00f3n educativa oportuna. El alcance de su trabajo abarca la salud reproductiva, la prevenci\u00f3n y el tratamiento de la infertilidad, y las opciones de construcci\u00f3n familiar, incluyendo la adopci\u00f3n y soluciones de terceros. P2P es una organizaci\u00f3n ben\u00e9fica nacional, sin fines de lucro 501 (c) (3) con sede en Nueva York.<\/p>\n<p><a href=\"http:\/\/www.path2parenthood.org\/\" target=\"_blank\" rel=\"noopener noreferrer\">www.path2parenthood.org<\/a><\/p>\n<h4 style=\"color: #f6ce00;\"><strong>Miracles Over Miami<\/strong><\/h4>\n<p>El Grupo de Apoyo de infertilidad Miracles over Miami fue creado para proporcionar apoyo emocional, concientizar y educar a los que sufren de infertilidad.<\/p>\n<p><a href=\"https:\/\/www.facebook.com\/MiraclesOverMiami\/\" target=\"_blank\" rel=\"noopener noreferrer\">Miracles Over Miami<\/a><\/p>\n<\/div>\n<\/div>\n<p>[\/vc_column_text][vc_empty_space height=\u00bb5px\u00bb][\/vc_column][\/vc_row]<\/p>\n<\/div>","protected":false},"excerpt":{"rendered":"<p>[vc_row][vc_column][vc_empty_space height=\u00bb5px\u00bb][vc_custom_heading source=\u00bbpost_title\u00bb font_container=\u00bbtag:h1|text_align:left|color:%23f6ce00&#8243; use_theme_fonts=\u00bbyes\u00bb][\/vc_column][\/vc_row][vc_row][vc_column][vc_column_text] Resolve RESOLVE: La Asociaci\u00f3n Nacional de Infertilidad es una organizaci\u00f3n ben\u00e9fica sin fines de lucro, que trabaja para mejorar las vidas<span class=\"excerpt-hellip\"> [\u2026]<\/span><\/p>\n","protected":false},"author":1,"featured_media":0,"parent":2637,"menu_order":0,"comment_status":"closed","ping_status":"closed","template":"","meta":{"footnotes":""},"class_list":["post-2379","page","type-page","status-publish","hentry"],"_links":{"self":[{"href":"https:\/\/fertility-miami.com\/es\/wp-json\/wp\/v2\/pages\/2379","targetHints":{"allow":["GET"]}}],"collection":[{"href":"https:\/\/fertility-miami.com\/es\/wp-json\/wp\/v2\/pages"}],"about":[{"href":"https:\/\/fertility-miami.com\/es\/wp-json\/wp\/v2\/types\/page"}],"author":[{"embeddable":true,"href":"https:\/\/fertility-miami.com\/es\/wp-json\/wp\/v2\/users\/1"}],"replies":[{"embeddable":true,"href":"https:\/\/fertility-miami.com\/es\/wp-json\/wp\/v2\/comments?post=2379"}],"version-history":[{"count":1,"href":"https:\/\/fertility-miami.com\/es\/wp-json\/wp\/v2\/pages\/2379\/revisions"}],"predecessor-version":[{"id":5861,"href":"https:\/\/fertility-miami.com\/es\/wp-json\/wp\/v2\/pages\/2379\/revisions\/5861"}],"up":[{"embeddable":true,"href":"https:\/\/fertility-miami.com\/es\/wp-json\/wp\/v2\/pages\/2637"}],"wp:attachment":[{"href":"https:\/\/fertility-miami.com\/es\/wp-json\/wp\/v2\/media?parent=2379"}],"curies":[{"name":"wp","href":"https:\/\/api.w.org\/{rel}","templated":true}]}}