{"id":2376,"date":"2017-10-02T21:19:11","date_gmt":"2017-10-02T21:19:11","guid":{"rendered":"https:\/\/fertility-miami.com\/about-us__trashed\/success-rates\/"},"modified":"2023-01-25T16:52:19","modified_gmt":"2023-01-25T16:52:19","slug":"success-rates","status":"publish","type":"page","link":"https:\/\/fertility-miami.com\/es\/about-us-2\/success-rates\/","title":{"rendered":"FIV Tasas de \u00e9xito"},"content":{"rendered":"<div class=\"wpb-content-wrapper\"><p>[vc_row][vc_column][vc_empty_space height=\u00bb5px\u00bb][vc_custom_heading source=\u00bbpost_title\u00bb font_container=\u00bbtag:h1|text_align:left|color:%23d62b91&#8243; use_theme_fonts=\u00bbyes\u00bb][vc_column_text]El<span style=\"color: #d62b91;\"><strong> Fertility Center of Miami<\/strong><\/span> fue fundado hace m\u00e1s de 30 a\u00f1os. No ha dejado de esforzarse por lograr las mejores tasas de \u00e9xito posibles que resultan en altas tasas de embarazo cl\u00ednico y beb\u00e9s saludables. Con los a\u00f1os hemos incorporado muchos cambios en nuestro programa sobre la base de los avances en los protocolos de tratamiento, los avances de laboratorio y t\u00e9cnicas de transferencia de embriones.<\/p>\n<p>Si bien nuestros resultados de embarazo reflejan estos avances, una comparaci\u00f3n de las tasas de \u00e9xito cl\u00ednico puede no ser significativa porque las caracter\u00edsticas m\u00e9dicas del paciente y los enfoques de tratamiento pueden variar de una cl\u00ednica a otra. Las Tasas de natalidad se encuentran disponibles y se entregan regularmente a la SART (Sociedad de Avanzadas Tecnolog\u00edas de Reproducci\u00f3n).<\/p>\n<p>Nuestras tasas de \u00e9xito m\u00e1s recientes disponibles para los pacientes son contabilizadas a trav\u00e9s de los embarazos confirmados por ultrasonido por ciclo de transferencia de embriones. La tasa de natalidad a\u00fan no est\u00e1 disponible para este grupo de pacientes. Dado que el grupo de donantes de \u00f3vulos generalmente refleja el uso de ovocitos j\u00f3venes sanos y un \u00fatero normal, este subgrupo probablemente ejemplifique mejor lo que un laboratorio y programa reproductivo pueden lograr.[\/vc_column_text][\/vc_column][\/vc_row][vc_row][vc_column][vc_empty_space height=\u00bb5px\u00bb][\/vc_column][\/vc_row]<\/p>\n<\/div>","protected":false},"excerpt":{"rendered":"<p>[vc_row][vc_column][vc_empty_space height=\u00bb5px\u00bb][vc_custom_heading source=\u00bbpost_title\u00bb font_container=\u00bbtag:h1|text_align:left|color:%23d62b91&#8243; use_theme_fonts=\u00bbyes\u00bb][vc_column_text]El Fertility Center of Miami fue fundado hace m\u00e1s de 30 a\u00f1os. No ha dejado de esforzarse por lograr las mejores tasas<span class=\"excerpt-hellip\"> [\u2026]<\/span><\/p>\n","protected":false},"author":1,"featured_media":0,"parent":2285,"menu_order":0,"comment_status":"closed","ping_status":"closed","template":"","meta":{"footnotes":""},"class_list":["post-2376","page","type-page","status-publish","hentry"],"_links":{"self":[{"href":"https:\/\/fertility-miami.com\/es\/wp-json\/wp\/v2\/pages\/2376","targetHints":{"allow":["GET"]}}],"collection":[{"href":"https:\/\/fertility-miami.com\/es\/wp-json\/wp\/v2\/pages"}],"about":[{"href":"https:\/\/fertility-miami.com\/es\/wp-json\/wp\/v2\/types\/page"}],"author":[{"embeddable":true,"href":"https:\/\/fertility-miami.com\/es\/wp-json\/wp\/v2\/users\/1"}],"replies":[{"embeddable":true,"href":"https:\/\/fertility-miami.com\/es\/wp-json\/wp\/v2\/comments?post=2376"}],"version-history":[{"count":4,"href":"https:\/\/fertility-miami.com\/es\/wp-json\/wp\/v2\/pages\/2376\/revisions"}],"predecessor-version":[{"id":3310,"href":"https:\/\/fertility-miami.com\/es\/wp-json\/wp\/v2\/pages\/2376\/revisions\/3310"}],"up":[{"embeddable":true,"href":"https:\/\/fertility-miami.com\/es\/wp-json\/wp\/v2\/pages\/2285"}],"wp:attachment":[{"href":"https:\/\/fertility-miami.com\/es\/wp-json\/wp\/v2\/media?parent=2376"}],"curies":[{"name":"wp","href":"https:\/\/api.w.org\/{rel}","templated":true}]}}