{"id":2366,"date":"2017-02-09T06:18:51","date_gmt":"2017-02-09T06:18:51","guid":{"rendered":"https:\/\/fertility-miami.com\/what-are-blastocysts\/"},"modified":"2017-10-17T22:03:32","modified_gmt":"2017-10-17T22:03:32","slug":"what-are-blastocysts","status":"publish","type":"page","link":"https:\/\/fertility-miami.com\/es\/what-are-blastocysts\/","title":{"rendered":"\u00bfQu\u00e9 son Blastocistos?"},"content":{"rendered":"<div class=\"wpb-content-wrapper\"><p>[vc_row][vc_column][vc_empty_space height=\u00bb5px\u00bb][vc_custom_heading source=\u00bbpost_title\u00bb font_container=\u00bbtag:h1|text_align:left|color:%23ffa300&#8243; use_theme_fonts=\u00bbyes\u00bb][vc_column_text]Blastocistos son embriones que se han desarrollado por 5 o 6 d\u00edas despu\u00e9s de la fecundaci\u00f3n. Un blastocisto normal se encuentra listo para brotar de su capa exterior al fin del sexto d\u00eda, y puede implantarse en el \u00fatero dentro de 24 horas. En este momento, solo un 20-40% de los embriones se desarrollan en blastocistos, pero aquellos que sobreviven tienen m\u00e1s posibilidad de implantarse y desarrollarse en un beb\u00e9. \u00bfQu\u00e9 ventaja ofrece la transferencia de blastocistos? La incubaci\u00f3n de blastocistos permite una selecci\u00f3n natural de los mejores embriones, en vez de una selecci\u00f3n al azar entre embriones de buena calidad del \u00abd\u00eda 3&#8243;. El cultivo de blatocistos es posible solo cuando existen numerosos embriones de buena calidad. Cuando solo hay un n\u00famero limitado de embriones al tercer d\u00eda, el cultivo de blastocisto no ofrece ninguna ventaja.<\/p>\n<p>Ya que los blastocistos tienen mayor posibilidad de implantarse, se transfieren menos, generalmente dos. Al transferir menos embriones, disminuye el riesgo de el embarazo m\u00faltiple, que es de suma importancia para aquellas parejas que desean evitar la reducci\u00f3n selectiva.[\/vc_column_text][vc_empty_space height=\u00bb5px\u00bb][\/vc_column][\/vc_row]<\/p>\n<\/div>","protected":false},"excerpt":{"rendered":"<p>[vc_row][vc_column][vc_empty_space height=\u00bb5px\u00bb][vc_custom_heading source=\u00bbpost_title\u00bb font_container=\u00bbtag:h1|text_align:left|color:%23ffa300&#8243; use_theme_fonts=\u00bbyes\u00bb][vc_column_text]Blastocistos son embriones que se han desarrollado por 5 o 6 d\u00edas despu\u00e9s de la fecundaci\u00f3n. Un blastocisto normal se encuentra listo<span class=\"excerpt-hellip\"> [\u2026]<\/span><\/p>\n","protected":false},"author":1,"featured_media":0,"parent":0,"menu_order":0,"comment_status":"closed","ping_status":"closed","template":"","meta":{"footnotes":""},"class_list":["post-2366","page","type-page","status-publish","hentry"],"_links":{"self":[{"href":"https:\/\/fertility-miami.com\/es\/wp-json\/wp\/v2\/pages\/2366","targetHints":{"allow":["GET"]}}],"collection":[{"href":"https:\/\/fertility-miami.com\/es\/wp-json\/wp\/v2\/pages"}],"about":[{"href":"https:\/\/fertility-miami.com\/es\/wp-json\/wp\/v2\/types\/page"}],"author":[{"embeddable":true,"href":"https:\/\/fertility-miami.com\/es\/wp-json\/wp\/v2\/users\/1"}],"replies":[{"embeddable":true,"href":"https:\/\/fertility-miami.com\/es\/wp-json\/wp\/v2\/comments?post=2366"}],"version-history":[{"count":0,"href":"https:\/\/fertility-miami.com\/es\/wp-json\/wp\/v2\/pages\/2366\/revisions"}],"wp:attachment":[{"href":"https:\/\/fertility-miami.com\/es\/wp-json\/wp\/v2\/media?parent=2366"}],"curies":[{"name":"wp","href":"https:\/\/api.w.org\/{rel}","templated":true}]}}