{"id":2362,"date":"2017-02-09T06:21:09","date_gmt":"2017-02-09T06:21:09","guid":{"rendered":"https:\/\/fertility-miami.com\/what-is-assisted-fertilization\/"},"modified":"2017-10-17T22:07:06","modified_gmt":"2017-10-17T22:07:06","slug":"what-is-assisted-fertilization","status":"publish","type":"page","link":"https:\/\/fertility-miami.com\/es\/what-is-assisted-fertilization\/","title":{"rendered":"\u00bfQu\u00e9 es la Fertilizaci\u00f3n Asistida?"},"content":{"rendered":"<div class=\"wpb-content-wrapper\"><p>[vc_row][vc_column][vc_empty_space height=\u00bb5px\u00bb][vc_custom_heading source=\u00bbpost_title\u00bb font_container=\u00bbtag:h1|text_align:left|color:%23ffa300&#8243; use_theme_fonts=\u00bbyes\u00bb][vc_column_text]En algunos casos de infertilidad masculina, la mezcla usual entre \u00f3vulos y esperma, no resulta en \u00f3vulos fecundados. Una t\u00e9cnica denominada ICSI (inyecci\u00f3n intracitoplasm\u00e1tica de esperma) en la cual un \u00fanico espermatozoide se inyecta directamente dentro del \u00f3vulo con una aguja microsc\u00f3pica, puede que sea una soluci\u00f3n para aquellos que sufren de infertilidad masculina severa. Esta t\u00e9cnica se realiza en el laboratorio el d\u00eda de la extracci\u00f3n de \u00f3vulos utilizando \u00f3vulos.[\/vc_column_text][vc_empty_space height=\u00bb5px\u00bb][\/vc_column][\/vc_row]<\/p>\n<\/div>","protected":false},"excerpt":{"rendered":"<p>[vc_row][vc_column][vc_empty_space height=\u00bb5px\u00bb][vc_custom_heading source=\u00bbpost_title\u00bb font_container=\u00bbtag:h1|text_align:left|color:%23ffa300&#8243; use_theme_fonts=\u00bbyes\u00bb][vc_column_text]En algunos casos de infertilidad masculina, la mezcla usual entre \u00f3vulos y esperma, no resulta en \u00f3vulos fecundados. Una t\u00e9cnica denominada ICSI<span class=\"excerpt-hellip\"> [\u2026]<\/span><\/p>\n","protected":false},"author":1,"featured_media":0,"parent":0,"menu_order":0,"comment_status":"closed","ping_status":"closed","template":"","meta":{"footnotes":""},"class_list":["post-2362","page","type-page","status-publish","hentry"],"_links":{"self":[{"href":"https:\/\/fertility-miami.com\/es\/wp-json\/wp\/v2\/pages\/2362","targetHints":{"allow":["GET"]}}],"collection":[{"href":"https:\/\/fertility-miami.com\/es\/wp-json\/wp\/v2\/pages"}],"about":[{"href":"https:\/\/fertility-miami.com\/es\/wp-json\/wp\/v2\/types\/page"}],"author":[{"embeddable":true,"href":"https:\/\/fertility-miami.com\/es\/wp-json\/wp\/v2\/users\/1"}],"replies":[{"embeddable":true,"href":"https:\/\/fertility-miami.com\/es\/wp-json\/wp\/v2\/comments?post=2362"}],"version-history":[{"count":0,"href":"https:\/\/fertility-miami.com\/es\/wp-json\/wp\/v2\/pages\/2362\/revisions"}],"wp:attachment":[{"href":"https:\/\/fertility-miami.com\/es\/wp-json\/wp\/v2\/media?parent=2362"}],"curies":[{"name":"wp","href":"https:\/\/api.w.org\/{rel}","templated":true}]}}