{"id":2359,"date":"2017-02-09T06:23:04","date_gmt":"2017-02-09T06:23:04","guid":{"rendered":"https:\/\/fertility-miami.com\/what-is-assisted-hatching\/"},"modified":"2017-10-17T22:04:17","modified_gmt":"2017-10-17T22:04:17","slug":"what-is-assisted-hatching","status":"publish","type":"page","link":"https:\/\/fertility-miami.com\/es\/what-is-assisted-hatching\/","title":{"rendered":"\u00bfQu\u00e9 es la Ruptura Asistida?"},"content":{"rendered":"<div class=\"wpb-content-wrapper\"><p>[vc_row][vc_column][vc_empty_space height=\u00bb5px\u00bb][vc_custom_heading source=\u00bbpost_title\u00bb font_container=\u00bbtag:h1|text_align:left|color:%23ffa300&#8243; use_theme_fonts=\u00bbyes\u00bb][vc_column_text]Cuando el embri\u00f3n est\u00e1 listo para implantarse, brota de su capa exterior y comienza a establecerse en el \u00fatero. La ruptura asistida es un procedimiento que el embri\u00f3logo lleva acabo bajo un microscopio que comprende hacer una peque\u00f1a ruptura en la capa protectiva exterior del embri\u00f3n para facilitar su salida. La ruptura asistida puede que mejore la posibilidad de implantaci\u00f3n del embri\u00f3n en aquellas pacientes de m\u00e1s edad y en casos de fallos en previos atentados de IVF. La ruptura asistida no se realiza con embriones que son blastocistos \u00abnuevos\u00bb(o sea que no hayan sido previamente congelados).<\/p>\n<p>Las pacientes se preparan para la ruptura asistida, tomando antibi\u00f3ticos y esteroides comenzando el d\u00eda antes de la trasferencia y continuando por 4 d\u00edas. Estas medidas se toman para proteger al embri\u00f3n de posibles ataques bacteriales o de inmunidad una vez que se transfieren.[\/vc_column_text][vc_empty_space height=\u00bb5px\u00bb][\/vc_column][\/vc_row]<\/p>\n<\/div>","protected":false},"excerpt":{"rendered":"<p>[vc_row][vc_column][vc_empty_space height=\u00bb5px\u00bb][vc_custom_heading source=\u00bbpost_title\u00bb font_container=\u00bbtag:h1|text_align:left|color:%23ffa300&#8243; use_theme_fonts=\u00bbyes\u00bb][vc_column_text]Cuando el embri\u00f3n est\u00e1 listo para implantarse, brota de su capa exterior y comienza a establecerse en el \u00fatero. La ruptura asistida<span class=\"excerpt-hellip\"> [\u2026]<\/span><\/p>\n","protected":false},"author":1,"featured_media":0,"parent":0,"menu_order":0,"comment_status":"closed","ping_status":"closed","template":"","meta":{"footnotes":""},"class_list":["post-2359","page","type-page","status-publish","hentry"],"_links":{"self":[{"href":"https:\/\/fertility-miami.com\/es\/wp-json\/wp\/v2\/pages\/2359","targetHints":{"allow":["GET"]}}],"collection":[{"href":"https:\/\/fertility-miami.com\/es\/wp-json\/wp\/v2\/pages"}],"about":[{"href":"https:\/\/fertility-miami.com\/es\/wp-json\/wp\/v2\/types\/page"}],"author":[{"embeddable":true,"href":"https:\/\/fertility-miami.com\/es\/wp-json\/wp\/v2\/users\/1"}],"replies":[{"embeddable":true,"href":"https:\/\/fertility-miami.com\/es\/wp-json\/wp\/v2\/comments?post=2359"}],"version-history":[{"count":0,"href":"https:\/\/fertility-miami.com\/es\/wp-json\/wp\/v2\/pages\/2359\/revisions"}],"wp:attachment":[{"href":"https:\/\/fertility-miami.com\/es\/wp-json\/wp\/v2\/media?parent=2359"}],"curies":[{"name":"wp","href":"https:\/\/api.w.org\/{rel}","templated":true}]}}