{"id":2356,"date":"2017-02-09T06:25:44","date_gmt":"2017-02-09T06:25:44","guid":{"rendered":"https:\/\/fertility-miami.com\/how-many-embryos-do-i-transfer\/"},"modified":"2017-10-17T22:08:50","modified_gmt":"2017-10-17T22:08:50","slug":"how-many-embryos-do-i-transfer","status":"publish","type":"page","link":"https:\/\/fertility-miami.com\/es\/how-many-embryos-do-i-transfer\/","title":{"rendered":"\u00bfCu\u00e1ntos embriones transfiero?"},"content":{"rendered":"<div class=\"wpb-content-wrapper\"><p>[vc_row][vc_column][vc_empty_space height=\u00bb5px\u00bb][vc_custom_heading source=\u00bbpost_title\u00bb font_container=\u00bbtag:h1|text_align:left|color:%23ffa300&#8243; use_theme_fonts=\u00bbyes\u00bb][vc_column_text]El objetivo de FIV es proveer a las parejas la mejor posibilidad de embarazo con el menor riesgo de embarazo m\u00faltiple. Cuando se trata de transferir embriones que se han desarrollado por 3 d\u00edas, el Centro recomienda transferir 3 embriones.<\/p>\n<p>Gracias al avance del cultivo de blastocistos, es posible transferir un m\u00ednimo n\u00famero de embriones y al mismo tiempo mantener una tasa de embarazo excelente. En general se transfieren dos blastocistos en el quinto d\u00eda. Es importante comprender que el n\u00famero de embriones que se transfieren puede que var\u00ede entre parejas dependiendo del estado, cantidad, y etapa de desarrollo de los embriones, de la edad de la paciente, su historia m\u00e9dica y su decisi\u00f3n con respecto a la reducci\u00f3n selectiva.[\/vc_column_text][vc_empty_space height=\u00bb5px\u00bb][\/vc_column][\/vc_row]<\/p>\n<\/div>","protected":false},"excerpt":{"rendered":"<p>[vc_row][vc_column][vc_empty_space height=\u00bb5px\u00bb][vc_custom_heading source=\u00bbpost_title\u00bb font_container=\u00bbtag:h1|text_align:left|color:%23ffa300&#8243; use_theme_fonts=\u00bbyes\u00bb][vc_column_text]El objetivo de FIV es proveer a las parejas la mejor posibilidad de embarazo con el menor riesgo de embarazo m\u00faltiple. Cuando<span class=\"excerpt-hellip\"> [\u2026]<\/span><\/p>\n","protected":false},"author":1,"featured_media":0,"parent":0,"menu_order":0,"comment_status":"closed","ping_status":"closed","template":"","meta":{"footnotes":""},"class_list":["post-2356","page","type-page","status-publish","hentry"],"_links":{"self":[{"href":"https:\/\/fertility-miami.com\/es\/wp-json\/wp\/v2\/pages\/2356","targetHints":{"allow":["GET"]}}],"collection":[{"href":"https:\/\/fertility-miami.com\/es\/wp-json\/wp\/v2\/pages"}],"about":[{"href":"https:\/\/fertility-miami.com\/es\/wp-json\/wp\/v2\/types\/page"}],"author":[{"embeddable":true,"href":"https:\/\/fertility-miami.com\/es\/wp-json\/wp\/v2\/users\/1"}],"replies":[{"embeddable":true,"href":"https:\/\/fertility-miami.com\/es\/wp-json\/wp\/v2\/comments?post=2356"}],"version-history":[{"count":0,"href":"https:\/\/fertility-miami.com\/es\/wp-json\/wp\/v2\/pages\/2356\/revisions"}],"wp:attachment":[{"href":"https:\/\/fertility-miami.com\/es\/wp-json\/wp\/v2\/media?parent=2356"}],"curies":[{"name":"wp","href":"https:\/\/api.w.org\/{rel}","templated":true}]}}