{"id":2352,"date":"2017-02-09T06:28:11","date_gmt":"2017-02-09T06:28:11","guid":{"rendered":"https:\/\/fertility-miami.com\/potential-complications-of-assisted-reproduction-technologies\/"},"modified":"2017-10-18T15:52:01","modified_gmt":"2017-10-18T15:52:01","slug":"potential-complications-of-assisted-reproduction-technologies","status":"publish","type":"page","link":"https:\/\/fertility-miami.com\/es\/potential-complications-of-assisted-reproduction-technologies\/","title":{"rendered":"Posibles complicaciones de la reproducci\u00f3n asistida"},"content":{"rendered":"<div class=\"wpb-content-wrapper\"><p>[vc_row][vc_column][vc_empty_space height=\u00bb5px\u00bb][vc_custom_heading source=\u00bbpost_title\u00bb font_container=\u00bbtag:h1|text_align:left|color:%23ffa300&#8243; use_theme_fonts=\u00bbyes\u00bb][vc_column_text]<\/p>\n<h4><span style=\"color: #ffa300;\">S\u00edndrome de sobre-estimulaci\u00f3n ov\u00e1rica <\/span><\/h4>\n<p>Las gonadotropinas estimulan al ovario a producir m\u00faltiples fol\u00edculos y como resultado los ovarios pueden aumentar de tama\u00f1o. La sobre-estimulaci\u00f3n leve se puede observar en un 10 a un 20% de mujeres que se someten al tratamiento. En la mayor\u00eda de los casos, los ovarios aumentan un poco de tama\u00f1o, y eso causa molestia abdominal e hinchaz\u00f3n leve. No obstante, en 1% de las pacientes puede ocurrir la sobre-estimulaci\u00f3n severa. Los ovarios pueden aumentar bastante de tama\u00f1o, en algunos casos causando recaudo de l\u00edquidos alrededor de los ovarios, deshidrataci\u00f3n, hinchaz\u00f3n y dolor abdominal. Tambi\u00e9n se ha reportado co\u00e1gulos sangu\u00edneos, da\u00f1o a los ri\u00f1ones, torsi\u00f3n ov\u00e1rica, y recaudo de l\u00edquidos en el abdomen y el pecho en casos extraordinarios. A veces se requiere reposo y internaci\u00f3n en el hospital para la observaci\u00f3n del balance de l\u00edquidos en casos de sobre-estimulaci\u00f3n severa.<\/p>\n<p>Los s\u00edntomas de sobre-estimulaci\u00f3n tienden a resolverse en 7 a 10 d\u00edas no obstante, si la paciente se embaraza, esta condici\u00f3n puede durar hasta 4 a 6 semanas.<\/p>\n<p>La clave para el control del s\u00edndrome de sobre-estimulaci\u00f3n yace en su reconocimiento temprano, y la intervenci\u00f3n m\u00e9dica diligente. Es por eso que los sonogramas y analices de sangre son de suma importancia durante la estimulaci\u00f3n, as\u00ed el m\u00e9dico puede ajustar la dosis del medicamento y examinar a la paciente si es necesario.<\/p>\n<h4><span style=\"color: #ffa300;\">Hemorragia e Infecci\u00f3n<\/span><\/h4>\n<p>La extracci\u00f3n de \u00f3vulos con la gu\u00eda de sonograma es un procedimiento quir\u00fargico menor que le permite regresar al trabajo al d\u00eda siguiente a la mayor\u00eda de las pacientes. La extracci\u00f3n por medio de una aguja acarrea un riesgo peque\u00f1o de hemorragia, infecci\u00f3n, y da\u00f1o a los intestinos, vejiga, o vasos sangu\u00edneos cercanos. Aproximadamente 1 paciente en 1,000 requiere cirug\u00eda mayor para reparar el da\u00f1o de complicaciones relacionadas con la extracci\u00f3n de \u00f3vulos. No obstante, la gu\u00eda del sonograma asiste al doctor con mucha experiencia a visualizar a los ovarios, como tambi\u00e9n a los \u00f3rganos cercanos para realizar la extracci\u00f3n con sumo cuidado. Nuestras pacientes permanecen bajo observaci\u00f3n despu\u00e9s del procedimiento para detectar posibles complicaciones inmediatamente. Todas las pacientes reciben tambi\u00e9n antibi\u00f3ticos a trav\u00e9s del suero durante la extracci\u00f3n para reducir el riesgo de infecci\u00f3n. La combinaci\u00f3n de estas medidas preventivas han sido extremadamente efectivas para prevenir la ocurrencia de una infecci\u00f3n p\u00e9lvica.<\/p>\n<h4><span style=\"color: #ffa300;\">Embarazo m\u00faltiple<\/span><\/h4>\n<p>Existe la posibilidad de un embarazo m\u00faltiple siempre que se transfieran dentro del \u00fatero m\u00e1s de un embri\u00f3n. Mientras que la tasa de embarazos m\u00faltiples es de 15-30 % con la transferencia de 3 embriones, la misma aumenta a un 40 % con 5 o m\u00e1s embriones. La mayor\u00eda de los embarazos m\u00faltiples son mellizos, pero se han reportado trillizos, cuatrillizos, y m\u00e1s.<\/p>\n<h4><span style=\"color: #ffa300;\">C\u00e1ncer de ovario<\/span><\/h4>\n<p>Ciertas investigaciones controversiales asocian a las gonadotropinas con el desarrollo de c\u00e1ncer. Aunque las varias investigaciones se contradicen, algunos investigadores han reportado un incremento en el c\u00e1ncer de ovario en mujeres que usan gonadotropinas inyectables, mientras que otros no demuestran esa correlaci\u00f3n. Hasta que hayan m\u00e1s investigaciones, la posici\u00f3n del Centro es que las drogas de fertilidad se deben usar prudentemente, bajo supervisi\u00f3n apropiada, y por un tiempo limitado.<\/p>\n<h4><span style=\"color: #ffa300;\">Riesgos Psicol\u00f3gicos<\/span><\/h4>\n<p>Las parejas que se han sometido a la reproducci\u00f3n asistida han comparado la experiencia a una \u00abmonta\u00f1a rusa emocional\u00bb. Los tratamientos son costosos, toman tiempo, y tienden a fallar m\u00e1s que a tener \u00e9xito en dados ciclos. Las parejas pueden sentirse frustradas, enfadadas, y resentidas en su camino al embarazo. A veces estas emociones pueden contribuir a la depresi\u00f3n y a la baja auto-estima; especialmente durante el per\u00edodo inmediato a un atento fallido de embarazo. El apoyo de familiares y amigos es muy importante durante este tiempo, no obstante, algunas parejas puede que necesiten apoyo profesional psicol\u00f3gico. Nuestro Centro tiene relaciones estrechas con una psic\u00f3loga con mucha experiencia especializada en la infertilidad para que ayudar a las parejas a enfrentarse con la pena, la tensi\u00f3n, la angustia asociadas con la reproducci\u00f3n asistida.<\/p>\n<h4><span style=\"color: #ffa300;\">Reducci\u00f3n Selectiva<\/span><\/h4>\n<p>La reducci\u00f3n selectiva es una t\u00e9cnica que se utiliza cuando se han implantado m\u00faltiples embriones a resultado de la reproducci\u00f3n asistida. El procedimiento se realiza en general dentro de la novena y duod\u00e9cima semana de embarazo para abortar selectivamente los embriones de sobra. La reducci\u00f3n selectiva la lleva acabo un perinat\u00f3logo insertando una aguja guiada por un sonograma a trav\u00e9s del abdomen o la vagina para inyectar potasio de cloro dentro del feto. La incidencia de aborto asociado con este procedimiento se estima entre 4 a 5%. La paciente vuelve a casa el mismo d\u00eda del procedimiento.<\/p>\n<p>La decisi\u00f3n para hacer la reducci\u00f3n selectiva puede ser traum\u00e1tica, y las parejas que han invertido tiempo y esfuerzo para lograr el embarazo, frecuentemente no est\u00e1n listas para tomar esa decisi\u00f3n. Si este procedimiento es moral o \u00e9ticamente inaceptable, entonces se limita estrictamente el n\u00famero de embriones a transferirse. La consulta profesional es beneficial para aquellas parejas que est\u00e1n considerando la reducci\u00f3n selectiva.[\/vc_column_text][vc_empty_space height=\u00bb5px\u00bb][\/vc_column][\/vc_row]<\/p>\n<\/div>","protected":false},"excerpt":{"rendered":"<p>[vc_row][vc_column][vc_empty_space height=\u00bb5px\u00bb][vc_custom_heading source=\u00bbpost_title\u00bb font_container=\u00bbtag:h1|text_align:left|color:%23ffa300&#8243; use_theme_fonts=\u00bbyes\u00bb][vc_column_text] S\u00edndrome de sobre-estimulaci\u00f3n ov\u00e1rica Las gonadotropinas estimulan al ovario a producir m\u00faltiples fol\u00edculos y como resultado los ovarios pueden aumentar de<span class=\"excerpt-hellip\"> [\u2026]<\/span><\/p>\n","protected":false},"author":1,"featured_media":0,"parent":0,"menu_order":0,"comment_status":"closed","ping_status":"closed","template":"","meta":{"footnotes":""},"class_list":["post-2352","page","type-page","status-publish","hentry"],"_links":{"self":[{"href":"https:\/\/fertility-miami.com\/es\/wp-json\/wp\/v2\/pages\/2352","targetHints":{"allow":["GET"]}}],"collection":[{"href":"https:\/\/fertility-miami.com\/es\/wp-json\/wp\/v2\/pages"}],"about":[{"href":"https:\/\/fertility-miami.com\/es\/wp-json\/wp\/v2\/types\/page"}],"author":[{"embeddable":true,"href":"https:\/\/fertility-miami.com\/es\/wp-json\/wp\/v2\/users\/1"}],"replies":[{"embeddable":true,"href":"https:\/\/fertility-miami.com\/es\/wp-json\/wp\/v2\/comments?post=2352"}],"version-history":[{"count":0,"href":"https:\/\/fertility-miami.com\/es\/wp-json\/wp\/v2\/pages\/2352\/revisions"}],"wp:attachment":[{"href":"https:\/\/fertility-miami.com\/es\/wp-json\/wp\/v2\/media?parent=2352"}],"curies":[{"name":"wp","href":"https:\/\/api.w.org\/{rel}","templated":true}]}}