{"id":2348,"date":"2017-02-09T06:33:38","date_gmt":"2017-02-09T06:33:38","guid":{"rendered":"https:\/\/fertility-miami.com\/embryo-cryopreservation\/"},"modified":"2017-10-17T22:06:31","modified_gmt":"2017-10-17T22:06:31","slug":"embryo-cryopreservation","status":"publish","type":"page","link":"https:\/\/fertility-miami.com\/es\/embryo-cryopreservation\/","title":{"rendered":"Criopreservaci\u00f3n de embriones"},"content":{"rendered":"<div class=\"wpb-content-wrapper\"><p>[vc_row][vc_column][vc_empty_space height=\u00bb5px\u00bb][vc_custom_heading source=\u00bbpost_title\u00bb font_container=\u00bbtag:h1|text_align:left|color:%23ffa300&#8243; use_theme_fonts=\u00bbyes\u00bb][vc_column_text]A menudo, el n\u00famero de \u00f3vulos extra\u00eddos presenta la oportunidad para producir m\u00e1s embriones de los que se pueden transferir. Las parejas tienen la opci\u00f3n de congelar (criopreservar) y almacenar esos embriones de sobra para el uso en el futuro, en caso de que el tratamiento falle o se deseen m\u00e1s hijos. El uso de embriones criopreservados elimina la necesidad de otra extracci\u00f3n y el uso de gonadotropinas. Los embriones congelados se transfieren despu\u00e9s de acondicionar al \u00fatero en un ciclo de tratamiento llamado transferencia de embriones congelados. La tasa de embarazo utilizando embriones criopreservados es de aproximadamente la mitad de un ciclo nuevo de FIV.<\/p>\n<p>Las parejas que desean participar en el programa de criopreservaci\u00f3n pueden almacenar los embriones por 1 a\u00f1o, con la opci\u00f3n de renovar por otro a\u00f1o. De all\u00ed en m\u00e1s, los pacientes deben hacer arreglos para transferir a los embriones a una facilidad de almacenamiento a largo plazo.[\/vc_column_text][vc_empty_space height=\u00bb5px\u00bb][\/vc_column][\/vc_row]<\/p>\n<\/div>","protected":false},"excerpt":{"rendered":"<p>[vc_row][vc_column][vc_empty_space height=\u00bb5px\u00bb][vc_custom_heading source=\u00bbpost_title\u00bb font_container=\u00bbtag:h1|text_align:left|color:%23ffa300&#8243; use_theme_fonts=\u00bbyes\u00bb][vc_column_text]A menudo, el n\u00famero de \u00f3vulos extra\u00eddos presenta la oportunidad para producir m\u00e1s embriones de los que se pueden transferir. Las parejas<span class=\"excerpt-hellip\"> [\u2026]<\/span><\/p>\n","protected":false},"author":1,"featured_media":0,"parent":0,"menu_order":0,"comment_status":"closed","ping_status":"closed","template":"","meta":{"footnotes":""},"class_list":["post-2348","page","type-page","status-publish","hentry"],"_links":{"self":[{"href":"https:\/\/fertility-miami.com\/es\/wp-json\/wp\/v2\/pages\/2348","targetHints":{"allow":["GET"]}}],"collection":[{"href":"https:\/\/fertility-miami.com\/es\/wp-json\/wp\/v2\/pages"}],"about":[{"href":"https:\/\/fertility-miami.com\/es\/wp-json\/wp\/v2\/types\/page"}],"author":[{"embeddable":true,"href":"https:\/\/fertility-miami.com\/es\/wp-json\/wp\/v2\/users\/1"}],"replies":[{"embeddable":true,"href":"https:\/\/fertility-miami.com\/es\/wp-json\/wp\/v2\/comments?post=2348"}],"version-history":[{"count":0,"href":"https:\/\/fertility-miami.com\/es\/wp-json\/wp\/v2\/pages\/2348\/revisions"}],"wp:attachment":[{"href":"https:\/\/fertility-miami.com\/es\/wp-json\/wp\/v2\/media?parent=2348"}],"curies":[{"name":"wp","href":"https:\/\/api.w.org\/{rel}","templated":true}]}}