{"id":2343,"date":"2017-02-09T06:53:36","date_gmt":"2017-02-09T06:53:36","guid":{"rendered":"https:\/\/fertility-miami.com\/testicular-sperm-aspiration-tesa\/"},"modified":"2022-05-12T19:00:23","modified_gmt":"2022-05-12T19:00:23","slug":"testicular-sperm-aspiration-tesa","status":"publish","type":"page","link":"https:\/\/fertility-miami.com\/es\/testicular-sperm-aspiration-tesa\/","title":{"rendered":"Aspiraci\u00f3n Testicular de Esperma (TESA)"},"content":{"rendered":"<div class=\"wpb-content-wrapper\"><p>[vc_row][vc_column][vc_empty_space height=\u00bb5px\u00bb][vc_custom_heading source=\u00bbpost_title\u00bb font_container=\u00bbtag:h1|text_align:left|color:%23a82c72&#8243; use_theme_fonts=\u00bbyes\u00bb][vc_column_text]<\/p>\n<h4 style=\"color: #a82c72;\">\u00bfQu\u00e9 es TESA\/PESA?<\/h4>\n<p>PESA (aspiraci\u00f3n epidimal percut\u00e1nea de esperma) and TESA (aspiraci\u00f3n testicular de esperma) son procedimientos se realizan para obtener esperma en ciertos casos de esterilidad masculina. PESA o TESA se pueden llevar acabo en hombres cuya cuenta de esperma es cero debido a un problema de producci\u00f3n de esperma; o a una obstrucci\u00f3n en la v\u00eda reproductiva, como en el caso de la vasectom\u00eda, ausencia cong\u00e9nita de vas deferens, o infecci\u00f3n.<\/p>\n<p>Una vez diagnosticada la ausencia de esperma, coordinamos una consulta con un ur\u00f3logo que realizar\u00e1 un examen y m\u00e1s estudios, que pueden incluir an\u00e1lisis de sangre y \/o una biopsia testicular. El resultado de estos estudios determinar\u00e1 cu\u00e1l de los dos procedimientos es m\u00e1s apropiado y el que tiene m\u00e1s posibilidad de rendir esperma.<\/p>\n<p>Mientras que PESA se realiza en nuestro Centro la ma\u00f1ana de la extracci\u00f3n de \u00f3vulos, TESA puede que se haga un d\u00eda antes de la extracci\u00f3n para permitir que maduren in-vitro esos espermatozoides inmaduros. Durante PESA, se introduce una peque\u00f1a aguja dentro del epid\u00eddimo, que es un sitio de almacenaje para el esperma localizado sobre cada test\u00edculo, usando anestesia local. El esperma se obtiene durante TESA por medio de una biopsia testicular. Una vez preparado, el esperma resultante de estos procedimientos, se inyectan directamente dentro de los \u00f3vulos (ICSI).<\/p>\n<p>El <strong>Fertility Center of Miami<\/strong> est\u00e1 orgulloso de haber anunciado el nacimiento del primer beb\u00e9 en Florida, en Agosto 12, 1997, concebido con la ayuda de PESA.[\/vc_column_text][vc_empty_space height=\u00bb5px\u00bb][\/vc_column][\/vc_row]<\/p>\n<\/div>","protected":false},"excerpt":{"rendered":"<p>[vc_row][vc_column][vc_empty_space height=\u00bb5px\u00bb][vc_custom_heading source=\u00bbpost_title\u00bb font_container=\u00bbtag:h1|text_align:left|color:%23a82c72&#8243; use_theme_fonts=\u00bbyes\u00bb][vc_column_text] \u00bfQu\u00e9 es TESA\/PESA? PESA (aspiraci\u00f3n epidimal percut\u00e1nea de esperma) and TESA (aspiraci\u00f3n testicular de esperma) son procedimientos se realizan para obtener<span class=\"excerpt-hellip\"> [\u2026]<\/span><\/p>\n","protected":false},"author":1,"featured_media":0,"parent":0,"menu_order":0,"comment_status":"closed","ping_status":"closed","template":"","meta":{"footnotes":""},"class_list":["post-2343","page","type-page","status-publish","hentry"],"_links":{"self":[{"href":"https:\/\/fertility-miami.com\/es\/wp-json\/wp\/v2\/pages\/2343","targetHints":{"allow":["GET"]}}],"collection":[{"href":"https:\/\/fertility-miami.com\/es\/wp-json\/wp\/v2\/pages"}],"about":[{"href":"https:\/\/fertility-miami.com\/es\/wp-json\/wp\/v2\/types\/page"}],"author":[{"embeddable":true,"href":"https:\/\/fertility-miami.com\/es\/wp-json\/wp\/v2\/users\/1"}],"replies":[{"embeddable":true,"href":"https:\/\/fertility-miami.com\/es\/wp-json\/wp\/v2\/comments?post=2343"}],"version-history":[{"count":1,"href":"https:\/\/fertility-miami.com\/es\/wp-json\/wp\/v2\/pages\/2343\/revisions"}],"predecessor-version":[{"id":7351,"href":"https:\/\/fertility-miami.com\/es\/wp-json\/wp\/v2\/pages\/2343\/revisions\/7351"}],"wp:attachment":[{"href":"https:\/\/fertility-miami.com\/es\/wp-json\/wp\/v2\/media?parent=2343"}],"curies":[{"name":"wp","href":"https:\/\/api.w.org\/{rel}","templated":true}]}}