{"id":2340,"date":"2017-02-09T06:58:40","date_gmt":"2017-02-09T06:58:40","guid":{"rendered":"https:\/\/fertility-miami.com\/links-to-educational-infertility-information\/"},"modified":"2019-05-17T20:09:25","modified_gmt":"2019-05-17T20:09:25","slug":"links-to-educational-infertility-information","status":"publish","type":"page","link":"https:\/\/fertility-miami.com\/es\/links-to-educational-infertility-information\/","title":{"rendered":"Links a informaci\u00f3n educativa sobre la infertilidad"},"content":{"rendered":"<div class=\"wpb-content-wrapper\"><p>[vc_row][vc_column][vc_empty_space height=\u00bb5px\u00bb][vc_custom_heading text=\u00bbLinks a informaci\u00f3n educativa sobre la infertilidad\u00bb font_container=\u00bbtag:h1|text_align:left|color:%2343578e\u00bb use_theme_fonts=\u00bbyes\u00bb][vc_column_text]<\/p>\n<ul>\n<li><a style=\"color: #a82c72;\" href=\"http:\/\/www.asrm.org\/FactSheetsandBooklets\/\" target=\"_blank\" rel=\"noopener noreferrer\">ASRM Patient Fact Sheets<\/a> &#8211; Una serie de datos informativos sobre la medicina reproductiva de una hoja de largo cada una. La mayor\u00eda de las hojas est\u00e1n en formato PDF. Los temas incluyen infertilidad, pruebas para diagnosticar el factor masculino de infertilidad, inyecci\u00f3n intracitoplasm\u00e1tica de esperma, FIV, y diagn\u00f3stico gen\u00e9tico de preimplantaci\u00f3n.\u00a0 Una serie de aproximadamente diez folletos sobre la medicina reproductiva. Los folletos est\u00e1n en formato PDF. Temas incluidos son: la edad y la infertilidad, drogas para la ovulaci\u00f3n, y reproducci\u00f3n con el uso de una tercera persona (ovodonaci\u00f3n, madre sustituta).<\/li>\n<\/ul>\n<p>[\/vc_column_text][vc_empty_space height=\u00bb5px\u00bb][\/vc_column][\/vc_row]<\/p>\n<\/div>","protected":false},"excerpt":{"rendered":"<p>[vc_row][vc_column][vc_empty_space height=\u00bb5px\u00bb][vc_custom_heading text=\u00bbLinks a informaci\u00f3n educativa sobre la infertilidad\u00bb font_container=\u00bbtag:h1|text_align:left|color:%2343578e\u00bb use_theme_fonts=\u00bbyes\u00bb][vc_column_text] ASRM Patient Fact Sheets &#8211; Una serie de datos informativos sobre la medicina reproductiva de<span class=\"excerpt-hellip\"> [\u2026]<\/span><\/p>\n","protected":false},"author":1,"featured_media":0,"parent":0,"menu_order":0,"comment_status":"closed","ping_status":"closed","template":"","meta":{"footnotes":""},"class_list":["post-2340","page","type-page","status-publish","hentry"],"_links":{"self":[{"href":"https:\/\/fertility-miami.com\/es\/wp-json\/wp\/v2\/pages\/2340","targetHints":{"allow":["GET"]}}],"collection":[{"href":"https:\/\/fertility-miami.com\/es\/wp-json\/wp\/v2\/pages"}],"about":[{"href":"https:\/\/fertility-miami.com\/es\/wp-json\/wp\/v2\/types\/page"}],"author":[{"embeddable":true,"href":"https:\/\/fertility-miami.com\/es\/wp-json\/wp\/v2\/users\/1"}],"replies":[{"embeddable":true,"href":"https:\/\/fertility-miami.com\/es\/wp-json\/wp\/v2\/comments?post=2340"}],"version-history":[{"count":2,"href":"https:\/\/fertility-miami.com\/es\/wp-json\/wp\/v2\/pages\/2340\/revisions"}],"predecessor-version":[{"id":5756,"href":"https:\/\/fertility-miami.com\/es\/wp-json\/wp\/v2\/pages\/2340\/revisions\/5756"}],"wp:attachment":[{"href":"https:\/\/fertility-miami.com\/es\/wp-json\/wp\/v2\/media?parent=2340"}],"curies":[{"name":"wp","href":"https:\/\/api.w.org\/{rel}","templated":true}]}}