{"id":2332,"date":"2017-09-29T15:47:47","date_gmt":"2017-09-29T15:47:47","guid":{"rendered":"https:\/\/fertility-miami.com\/embryology-laboratory\/"},"modified":"2023-02-21T20:14:49","modified_gmt":"2023-02-21T20:14:49","slug":"embryology-laboratory","status":"publish","type":"page","link":"https:\/\/fertility-miami.com\/es\/patient-education\/ivf-patient-guide\/embryology-laboratory\/","title":{"rendered":"Qu\u00e9 esperar Despu\u00e9s de la recuperaci\u00f3n de \u00f3vulos: Un vistazo al laboratorio de embriolog\u00eda"},"content":{"rendered":"<div class=\"wpb-content-wrapper\"><p>[vc_row][vc_column][vc_empty_space height=\u00bb5px\u00bb][vc_custom_heading text=\u00bbQu\u00e9 esperar Despu\u00e9s de la recuperaci\u00f3n de \u00f3vulos:<br \/>\nUn vistazo al laboratorio de embriolog\u00eda<br \/>\n\u00bb font_container=\u00bbtag:h2|text_align:left|color:%23ffa300&#8243; use_theme_fonts=\u00bbyes\u00bb][vc_column_text]<\/p>\n<h4><\/h4>\n<h4 style=\"color: #ffa300;\"><strong>Reclutamiento Folicular y Monitoreo (Pre-Recuperaci\u00f3n)<\/strong><\/h4>\n<p>Los \u00f3vulos se depositan dentro de un peque\u00f1o saco de l\u00edquido en el ovario, conocido como un fol\u00edculo. No todos los fol\u00edculos producir\u00e1n \u00f3vulos que podr\u00edan ser cosechados durante la recuperaci\u00f3n o que sean lo suficientemente maduros para ser utilizados para la fecundaci\u00f3n.<\/p>\n<h4 style=\"color: #ffa300;\"><strong>Recuperaci\u00f3n de \u00d3vulos (D\u00eda 0)<\/strong><\/h4>\n<p>Todos los fol\u00edculos visibles son aspirados por el m\u00e9dico, y el l\u00edquido recolectado se entrega al embri\u00f3logo que comprobar\u00e1 la presencia de \u00f3vulos. Regularmente, los fol\u00edculos m\u00e1s grandes (&gt; 16 mm) producir\u00e1n \u00f3vulos maduros, pero no hay garant\u00eda de que se liberen del fol\u00edculo. Adem\u00e1s, algunos fol\u00edculos pueden simplemente estar vac\u00edos.<\/p>\n<h4 style=\"color: #ffa300;\"><strong>Verificaci\u00f3n de Fertilizaci\u00f3n (D\u00eda 1)<\/strong><\/h4>\n<p>Al d\u00eda siguiente de la recuperaci\u00f3n de \u00f3vulos, el embri\u00f3logo comprobar\u00e1 la fertilizaci\u00f3n normal, buscando dos n\u00facleos claros que se formen dentro del \u00f3vulo (uno maternal y otro paternal). Cada uno de estos n\u00facleos contiene la mitad de los cromosomas del embri\u00f3n.<\/p>\n<h4 style=\"color: #ffa300;\"><strong>Chequeo de Fertilidad (D\u00eda 3)<\/strong><\/h4>\n<p>Para el tercer d\u00eda, los embriones sanos deben haber llegado a la etapa de 6-8 y deben tener poca o ninguna fragmentaci\u00f3n. Los embriones que no hayan alcanzado la etapa de 6 c\u00e9lulas o que est\u00e9n altamente fragmentados, probablemente no seguir\u00e1n desarroll\u00e1ndose. Todav\u00eda es demasiado pronto para saber cu\u00e1ntos embriones viables totales tendr\u00e1 para la transferencia, Biopsia, y\/o congelaci\u00f3n, ya que necesitan unos pocos d\u00edas m\u00e1s de crecimiento inalterado.<\/p>\n<h4 style=\"color: #ffa300;\"><strong>Chequeo de Blastocitos (D\u00eda 5)<\/strong><\/h4>\n<p>Cinco d\u00edas despu\u00e9s de su recuperaci\u00f3n de \u00f3vulos, el embri\u00f3logo comprobar\u00e1 sus embriones para ver si avanzaron hasta la etapa final del desarrollo in vitro, conocido como la etapa de blastocisto.<\/p>\n<p>En este d\u00eda, la mayor\u00eda de los embriones a\u00fan no est\u00e1n listos para la biopsia o la congelaci\u00f3n. Usualmente requieren un d\u00eda m\u00e1s de crecimiento. En estos casos, el embri\u00f3logo s\u00f3lo le llamar\u00e1 el d\u00eda 6 con una actualizaci\u00f3n final.<\/p>\n<h4 style=\"color: #ffa300;\"><strong>Chequeo Final de Blastocitos (D\u00eda 6)<\/strong><\/h4>\n<p>Al d\u00eda 6, todos los embriones viables deber\u00edan haber alcanzado la etapa de blastocisto y todos los dem\u00e1s habr\u00e1n detenido. Estos embriones viables, se someter\u00e1n a pruebas gen\u00e9ticas y \/ o congelaci\u00f3n, seg\u00fan su plan de tratamiento particular.<\/p>\n<p>&nbsp;<\/p>\n<a class=\"button  button_size_2 button_js\" href=\"\/wp-content\/uploads\/2023\/02\/06_Supplements-Ovarian-Reserve-Brochure_2023_SPA.pdf\" style=\"background-color:#ffa300!important;color:#fff;\" target=\"_blank\"   ><span class=\"button_label\">Download our Brochure<\/span><\/a>\n\n<p>&nbsp;<\/p>\n<\/div>","protected":false},"excerpt":{"rendered":"<p>[vc_row][vc_column][vc_empty_space height=\u00bb5px\u00bb][vc_custom_heading text=\u00bbQu\u00e9 esperar Despu\u00e9s de la recuperaci\u00f3n de \u00f3vulos: Un vistazo al laboratorio de embriolog\u00eda \u00bb font_container=\u00bbtag:h2|text_align:left|color:%23ffa300&#8243; use_theme_fonts=\u00bbyes\u00bb][vc_column_text] Reclutamiento Folicular y Monitoreo (Pre-Recuperaci\u00f3n) Los \u00f3vulos<span class=\"excerpt-hellip\"> [\u2026]<\/span><\/p>\n","protected":false},"author":1,"featured_media":0,"parent":2567,"menu_order":0,"comment_status":"closed","ping_status":"closed","template":"","meta":{"footnotes":""},"class_list":["post-2332","page","type-page","status-publish","hentry"],"_links":{"self":[{"href":"https:\/\/fertility-miami.com\/es\/wp-json\/wp\/v2\/pages\/2332","targetHints":{"allow":["GET"]}}],"collection":[{"href":"https:\/\/fertility-miami.com\/es\/wp-json\/wp\/v2\/pages"}],"about":[{"href":"https:\/\/fertility-miami.com\/es\/wp-json\/wp\/v2\/types\/page"}],"author":[{"embeddable":true,"href":"https:\/\/fertility-miami.com\/es\/wp-json\/wp\/v2\/users\/1"}],"replies":[{"embeddable":true,"href":"https:\/\/fertility-miami.com\/es\/wp-json\/wp\/v2\/comments?post=2332"}],"version-history":[{"count":8,"href":"https:\/\/fertility-miami.com\/es\/wp-json\/wp\/v2\/pages\/2332\/revisions"}],"predecessor-version":[{"id":8349,"href":"https:\/\/fertility-miami.com\/es\/wp-json\/wp\/v2\/pages\/2332\/revisions\/8349"}],"up":[{"embeddable":true,"href":"https:\/\/fertility-miami.com\/es\/wp-json\/wp\/v2\/pages\/2567"}],"wp:attachment":[{"href":"https:\/\/fertility-miami.com\/es\/wp-json\/wp\/v2\/media?parent=2332"}],"curies":[{"name":"wp","href":"https:\/\/api.w.org\/{rel}","templated":true}]}}