{"id":2324,"date":"2017-02-24T12:47:39","date_gmt":"2017-02-24T12:47:39","guid":{"rendered":"https:\/\/fertility-miami.com\/travel-to-our-center\/"},"modified":"2022-05-12T14:47:16","modified_gmt":"2022-05-12T14:47:16","slug":"travel-to-our-center","status":"publish","type":"page","link":"https:\/\/fertility-miami.com\/es\/international-patients\/travel-to-our-center\/","title":{"rendered":"Viaje a Nuestro Centro"},"content":{"rendered":"<div class=\"wpb-content-wrapper\"><p>[vc_row][vc_column][vc_empty_space height=\u00bb5px\u00bb][vc_custom_heading text=\u00bbViaje a Nuestro Centro<br \/>\n\u00bb font_container=\u00bbtag:h1|text_align:left|color:%238068ff\u00bb use_theme_fonts=\u00bbyes\u00bb][\/vc_column][\/vc_row][vc_row][vc_column][vc_column_text]<\/p>\n<div class=\"new_container about range ivf\">\n<div class=\"new_one\">\n<h4 style=\"color: #8068ff;\">La mejor atenci\u00f3n reproductiva para pacientes Internacionales<\/h4>\n<p>Miami, es una ciudad internacional conocida en todo el mundo por su fabuloso clima, sus playas, sus restaurantes, sus compras y sus actividades culturales. Adem\u00e1s, Miami es reconocida por su alta calidad y excelencia en atenci\u00f3n m\u00e9dica. El Fertility Center of Miami trabaja con regularidad y proporciona servicios excepcionales a los pacientes que viajan al sur de la Florida para recibir tratamiento m\u00e9dico.<\/p>\n<p>Nuestro personal del Fertility Center of Miami, entiende y abarca las necesidades del paciente, fuera de la ciudad. El objetivo del Centro, es eliminar cualquier preocupaci\u00f3n que puedas tener respecto a viajar fuera del estado o del pa\u00eds para recibir atenci\u00f3n m\u00e9dica. Rutinariamente ayudamos a parejas de:<\/p>\n<ul>\n<li>Centro y Sudam\u00e9rica<\/li>\n<li>El Caribe<\/li>\n<li>Europa<\/li>\n<li>\u00c1frica<\/li>\n<li>Medio Oriente<\/li>\n<li>Otras partes de los Estados Unidos y Canad\u00e1<\/li>\n<\/ul>\n<p>Podemos ayudarte a hacer tus arreglos de viaje y alojamiento en el Hotel. Se te proporcionar\u00e1 un coordinador de enfermer\u00eda, que te ayudar\u00e1 a organizar tu Protocolo de tratamiento y ser\u00e1 tu contacto, antes de tu llegada a Miami.<\/p>\n<p>Trabajaremos con tu m\u00e9dico local para minimizar la cantidad de tiempo en el que necesites permanecer, para tu ciclo de tratamiento, en Miami.<\/p>\n<p>Para m\u00e1s informaci\u00f3n sobre el tratamiento de clientes internacionales, <a href=\"https:\/\/fertility-miami.com\/contact-us\/\">Cont\u00e1ctanos<\/a>.<\/p>\n<\/div>\n<\/div>\n<p>[\/vc_column_text][vc_empty_space height=\u00bb5px\u00bb][\/vc_column][\/vc_row]<\/p>\n<\/div>","protected":false},"excerpt":{"rendered":"<p>[vc_row][vc_column][vc_empty_space height=\u00bb5px\u00bb][vc_custom_heading text=\u00bbViaje a Nuestro Centro \u00bb font_container=\u00bbtag:h1|text_align:left|color:%238068ff\u00bb use_theme_fonts=\u00bbyes\u00bb][\/vc_column][\/vc_row][vc_row][vc_column][vc_column_text] La mejor atenci\u00f3n reproductiva para pacientes Internacionales Miami, es una ciudad internacional conocida en todo el mundo<span class=\"excerpt-hellip\"> [\u2026]<\/span><\/p>\n","protected":false},"author":1,"featured_media":0,"parent":2426,"menu_order":0,"comment_status":"closed","ping_status":"closed","template":"","meta":{"footnotes":""},"class_list":["post-2324","page","type-page","status-publish","hentry"],"_links":{"self":[{"href":"https:\/\/fertility-miami.com\/es\/wp-json\/wp\/v2\/pages\/2324","targetHints":{"allow":["GET"]}}],"collection":[{"href":"https:\/\/fertility-miami.com\/es\/wp-json\/wp\/v2\/pages"}],"about":[{"href":"https:\/\/fertility-miami.com\/es\/wp-json\/wp\/v2\/types\/page"}],"author":[{"embeddable":true,"href":"https:\/\/fertility-miami.com\/es\/wp-json\/wp\/v2\/users\/1"}],"replies":[{"embeddable":true,"href":"https:\/\/fertility-miami.com\/es\/wp-json\/wp\/v2\/comments?post=2324"}],"version-history":[{"count":3,"href":"https:\/\/fertility-miami.com\/es\/wp-json\/wp\/v2\/pages\/2324\/revisions"}],"predecessor-version":[{"id":7312,"href":"https:\/\/fertility-miami.com\/es\/wp-json\/wp\/v2\/pages\/2324\/revisions\/7312"}],"up":[{"embeddable":true,"href":"https:\/\/fertility-miami.com\/es\/wp-json\/wp\/v2\/pages\/2426"}],"wp:attachment":[{"href":"https:\/\/fertility-miami.com\/es\/wp-json\/wp\/v2\/media?parent=2324"}],"curies":[{"name":"wp","href":"https:\/\/api.w.org\/{rel}","templated":true}]}}