{"id":2312,"date":"2016-12-20T05:45:35","date_gmt":"2016-12-20T05:45:35","guid":{"rendered":"https:\/\/fertility-miami.com\/financial-information\/financial-options\/"},"modified":"2026-01-13T12:40:40","modified_gmt":"2026-01-13T12:40:40","slug":"financial-options","status":"publish","type":"page","link":"https:\/\/fertility-miami.com\/es\/financial-information\/financial-options\/","title":{"rendered":"Planes Financieros"},"content":{"rendered":"<div class=\"wpb-content-wrapper\"><p>[vc_row][vc_column][vc_empty_space height=\u00bb5px\u00bb][vc_custom_heading text=\u00bbPlanes Financieros\u00bb font_container=\u00bbtag:h1|text_align:left|color:%23dec952&#8243; use_theme_fonts=\u00bbyes\u00bb][\/vc_column][\/vc_row][vc_row][vc_column][vc_column_text css=\u00bb\u00bb]Para nuestros pacientes, ofrecemos una selecci\u00f3n de planes, para que nuestros servicios de reproducci\u00f3n asistida sean lo m\u00e1s accesibles posible.<\/p>\n<h4 style=\"color: #dec952;\">CapexMD<\/h4>\n<p>A trav\u00e9s de nuestra asociaci\u00f3n con <strong>CapexMD<\/strong>, especialistas en financiamiento de fertilidad, estamos orgullosos de ofrecer a nuestros pacientes las opciones de financiamiento m\u00e1s completas disponibles, con programas de pr\u00e9stamos personalizados para satisfacer sus necesidades individuales y ayudar a aliviar el estr\u00e9s financiero del tratamiento.<\/p>\n<p><strong>CapexMD<\/strong> se especializa en proveer al paciente financiamiento para todos los tratamientos de fertilidad. Con el proceso de pr\u00e9stamo f\u00e1cil y tasas competitivas, <strong>CapexMD<\/strong> asegura que los aspectos financieros del tratamiento no son un obst\u00e1culo para lograr su sue\u00f1o de una familia. <strong>CapexMD<\/strong> ofrece una amplia variedad de opciones de pr\u00e9stamo, lo que le permite obtener el financiamiento necesario para hacer que su tratamiento sea accesible, incluyendo financiamiento para medicamentos de fertilidad y pruebas gen\u00e9ticas si es necesario. Cada programa de pr\u00e9stamos est\u00e1 dise\u00f1ado para adaptarse a tus circunstancias individuales y una vez aprobados, tus Especialistas en Pr\u00e9stamos de Fertilidad trabajar\u00e1n estrechamente con el <strong>Fertility Center of Miami<\/strong> para asegurar que tus fondos est\u00e9n disponibles antes del inicio de tu tratamiento.<\/p>\n<p><a href=\"https:\/\/secure1.capexmd.com:4443\/LoanApplicationSystem\/miaapp001.php\">Solicita aqu\u00ed<\/a> y recibe aprobaci\u00f3n previa en cuesti\u00f3n de horas! Tambi\u00e9n puedes llamar al <strong>888.497.8414<\/strong> para obtener m\u00e1s informaci\u00f3n sobre la financiaci\u00f3n de tu plan de tratamiento.<\/p>\n<p>Para m\u00e1s detalles, por favor llama a nuestra oficina y pide ser transferido a la <strong>ext. 1006<\/strong>.<\/p>\n<p>&nbsp;<\/p>\n<div class=\"new_one\">\n<div>\n<div class=\"new_one\">\n<h4 style=\"color: #dec952;\">Making Miracle Babies<\/h4>\n<p><strong>Making Miracle Babies<\/strong> es un programa establecido en sociedad con el Greater Miami Jewish Federation y Hebrew Free Loan Association (HFLA) en el sur de la Florida. A trav\u00e9s de HFLA, el fondo otorga pr\u00e9stamos sin intereses de hasta $18,000 a los futuros padres jud\u00edos que viven en el condado de Miami-Dade. Los beneficiarios tendr\u00e1n tres a\u00f1os para pagar la totalidad de sus pr\u00e9stamos. Cada pr\u00e9stamo reembolsado har\u00e1 que esos d\u00f3lares est\u00e9n disponibles para otros padres esperanzados.<\/p>\n<p>Para obtener informaci\u00f3n y requisitos m\u00e1s detallados sobre este nuevo programa de asistencia financiera, haz <a class=\"note-alone\" href=\"http:\/\/hebrewloan.org\/web\/wp-content\/uploads\/2014\/02\/2014-MMB-LoanApplication.pdf\" target=\"_blank\" rel=\"noopener noreferrer\">clic aqu\u00ed<\/a> para descargar la solicitud del sitio web de Hebrew Free Loan Association of South Florida, Inc..<\/p>\n<p>&nbsp;<\/p>\n<h4 style=\"color: #dec952;\">Lending Club<\/h4>\n<p>Los planes de pago flexibles que se ofrecen a trav\u00e9s de <strong>Lending Club<\/strong> Patient Solutions pueden ayudarte a que tu tratamiento de fertilidad sea m\u00e1s asequible. Con los planes, puede financiar todo tu tratamiento de fertilidad, incluidos los medicamentos relacionados, las pruebas gen\u00e9ticas y los servicios de congelaci\u00f3n de \u00f3vulos con un solo pr\u00e9stamo. Calcular el posible pago mensual es f\u00e1cil. Simplemente completa una breve solicitud para una revisi\u00f3n inicial de las opciones sin impacto en su puntaje de cr\u00e9dito.<\/p>\n<p><a href=\"http:\/\/www.lendingclub.com\/patientsolutions\/check-your-rate?clientid=323096\" target=\"_blank\" rel=\"noopener noreferrer\">Clic aqu\u00ed para la solicitud en l\u00ednea.<\/a><\/p>\n<p><a href=\"http:\/\/www.lendingclub.com\/patientsolutions\/payment_calculator?inbound_client_id=323096\" target=\"_blank\" rel=\"noopener noreferrer\">Clic aqu\u00ed para la Calculadora de pagos.<\/a><\/p>\n<p>&nbsp;<\/p>\n<h4 style=\"color: #dec952;\">Future Family<\/h4>\n<p><strong>Future Family<\/strong> es una forma inteligente de pagar los Tratamientos de Fertilidad. Nuestra empresa fue fundada por <a href=\"https:\/\/vimeo.com\/338271797\" target=\"_blank\" rel=\"noopener\">Claire Tomkins<\/a> (quien personalmente pas\u00f3 por la FIV) con el objetivo de apoyar a los pacientes de fertilidad en su tratamiento.<br \/>\nNuestros pr\u00e9stamos personalizados est\u00e1n dise\u00f1ados para ahorrarte tiempo y dinero. Trabajamos con el Fertility Center of Miami para combinar todos los costos de tu tratamiento en un sencillo pago mensual. Con nuestros pr\u00e9stamos, tambi\u00e9n cuentas con asesoramiento sobre fertilidad a cargo de Enfermeras registradas, que est\u00e1n aqu\u00ed para responder cualquiera de tus preguntas.<\/p>\n<p>Beneficios de un pr\u00e9stamo de Fertilidad en <strong>Future Family<\/strong>:<br \/>\n\u2022 Tasas de inter\u00e9s bajas<br \/>\n\u2022 Sin multas por pago anticipado<br \/>\n\u2022 Financiamiento de hasta $50,000 en menos de 48 horas<br \/>\n\u2022 Pr\u00e9stamo personalizado de acuerdo a tu necesidades y tratamientos espec\u00edficos<br \/>\n\u2022 Costos de tratamiento simplificados en un solo pago f\u00e1cil<br \/>\n\u2022 Gesti\u00f3n de pago de facturas<br \/>\n\u2022 Asistencia personalizada a pedido con asesores de fertilidad<br \/>\n\u2022 Capacitaci\u00f3n sobre medicamentos y sesiones de preguntas y respuestas como parte de su paquete de capacitaci\u00f3n<br \/>\n\u2022 de financiamiento para incluir a un amigo o familiar<\/p>\n<p>Precalificar es f\u00e1cil. Toma menos de 2 minutos y no afectar\u00e1 tu puntaje de cr\u00e9dito.<br \/>\nEsperamos poder ayudarte con tu tratamiento de fertilidad.<br \/>\nPara obtener m\u00e1s informaci\u00f3n y presentar una solicitud, vis\u00edtanos en <strong>Future Family<\/strong> hoy.<\/p>\n<p><strong><a href=\"https:\/\/app.futurefamily.com\/apply\/sign-up\" target=\"_blank\" rel=\"noopener\">Comenzar<\/a><\/strong><\/p>\n<\/div>\n<p>&nbsp;<\/p>\n<h4 style=\"color: #dec952;\">PatientFi<\/h4>\n<p>Descubre <strong>PatientFi<\/strong>. Nuestro objetivo es eliminar las barreras de costos que tienen muchos pacientes. Por eso, ofrecemos planes mensuales amigables para que m\u00e1s personas puedan acceder a ese tratamiento de fertilidad que les cambiar\u00e1 la vida. <strong>PatientFi<\/strong> se compromete a ayudar a m\u00e1s pacientes a recibir los tratamientos que necesitan sin verificaciones de cr\u00e9dito estrictas, con opciones de inter\u00e9s cero, financiamiento flexible y plazos extendidos.<\/p>\n<p>Financiamiento sin estr\u00e9s para todas tus necesidades dentro del tratamiento de fertilidad:<br \/>\n\u2022 Planes promocionales sin intereses y de tasa fija con APR amigables desde tan solo 6.99%, financiamiento flexible de hasta $40k y plazos de hasta 84 meses.<br \/>\n\u2022 Solicita en segundos y obt\u00e9n la aprobaci\u00f3n al instante, sin verificaciones de cr\u00e9dito, tarifas ocultas ni errores en la letra peque\u00f1a.<br \/>\n\u2022 L\u00ednea de cr\u00e9dito totalmente digital en la que puedes gastar hasta tu l\u00edmite, pagarlo en montos mensuales amigables y repetir, sin tener que volver a solicitar.<br \/>\n\u2022 Soporte de atenci\u00f3n permanente para garantizar una experiencia de 5 estrellas.<\/p>\n<p><strong><a href=\"https:\/\/app.patientfi.com\/v2\/fertility-miami\/apply\" target=\"_blank\" rel=\"noopener\">Aplicar aqu\u00ed<\/a><\/strong><\/p>\n<\/div>\n<\/div>\n<p>[\/vc_column_text][\/vc_column][\/vc_row][vc_row][vc_column][vc_empty_space height=\u00bb5px\u00bb][\/vc_column][\/vc_row][vc_row][vc_column][vc_column_text]<\/p>\n<p>[\/vc_column_text][\/vc_column][\/vc_row]<\/p>\n<\/div>","protected":false},"excerpt":{"rendered":"<p>[vc_row][vc_column][vc_empty_space height=\u00bb5px\u00bb][vc_custom_heading text=\u00bbPlanes Financieros\u00bb font_container=\u00bbtag:h1|text_align:left|color:%23dec952&#8243; use_theme_fonts=\u00bbyes\u00bb][\/vc_column][\/vc_row][vc_row][vc_column][vc_column_text css=\u00bb\u00bb]Para nuestros pacientes, ofrecemos una selecci\u00f3n de planes, para que nuestros servicios de reproducci\u00f3n asistida sean lo m\u00e1s accesibles posible.<span class=\"excerpt-hellip\"> [\u2026]<\/span><\/p>\n","protected":false},"author":1,"featured_media":0,"parent":2308,"menu_order":0,"comment_status":"closed","ping_status":"closed","template":"","meta":{"footnotes":""},"class_list":["post-2312","page","type-page","status-publish","hentry"],"_links":{"self":[{"href":"https:\/\/fertility-miami.com\/es\/wp-json\/wp\/v2\/pages\/2312","targetHints":{"allow":["GET"]}}],"collection":[{"href":"https:\/\/fertility-miami.com\/es\/wp-json\/wp\/v2\/pages"}],"about":[{"href":"https:\/\/fertility-miami.com\/es\/wp-json\/wp\/v2\/types\/page"}],"author":[{"embeddable":true,"href":"https:\/\/fertility-miami.com\/es\/wp-json\/wp\/v2\/users\/1"}],"replies":[{"embeddable":true,"href":"https:\/\/fertility-miami.com\/es\/wp-json\/wp\/v2\/comments?post=2312"}],"version-history":[{"count":23,"href":"https:\/\/fertility-miami.com\/es\/wp-json\/wp\/v2\/pages\/2312\/revisions"}],"predecessor-version":[{"id":9963,"href":"https:\/\/fertility-miami.com\/es\/wp-json\/wp\/v2\/pages\/2312\/revisions\/9963"}],"up":[{"embeddable":true,"href":"https:\/\/fertility-miami.com\/es\/wp-json\/wp\/v2\/pages\/2308"}],"wp:attachment":[{"href":"https:\/\/fertility-miami.com\/es\/wp-json\/wp\/v2\/media?parent=2312"}],"curies":[{"name":"wp","href":"https:\/\/api.w.org\/{rel}","templated":true}]}}