{"id":2308,"date":"2016-12-20T05:03:44","date_gmt":"2016-12-20T05:03:44","guid":{"rendered":"https:\/\/fertility-miami.com\/financial-information\/"},"modified":"2019-11-13T03:07:06","modified_gmt":"2019-11-13T03:07:06","slug":"financial-information","status":"publish","type":"page","link":"https:\/\/fertility-miami.com\/es\/financial-information\/","title":{"rendered":"INFORMACI\u00d3N FINANCIERA"},"content":{"rendered":"<div class=\"wpb-content-wrapper\"><p>[vc_row][vc_column][vc_empty_space height=\u00bb5px\u00bb][vc_custom_heading text=\u00bbInformaci\u00f3n Financiera<br \/>\n\u00bb font_container=\u00bbtag:h1|text_align:left|color:%23dec952&#8243; use_theme_fonts=\u00bbyes\u00bb][vc_column_text]<\/p>\n<div class=\"new_container about range financial\">\n<div class=\"new_one\">\n<h4 style=\"color: #dec952;\">Cuidado Rentable<\/h4>\n<p>Nuestros especialistas se esfuerzan en todo momento para proporcionar atenci\u00f3n m\u00e9dica de la manera m\u00e1s apropiada y rentable. Trabajamos estrechamente con el cuidado administrado y otros planes de seguro, cuando la cobertura est\u00e1 disponible.<\/p>\n<p>Tambi\u00e9n tenemos m\u00faltiples opciones de tratamiento que pueden ser aplicables, que son de costo eficiente para las parejas sin beneficios de seguro.<\/p>\n<\/div>\n<div class=\"new_one\">\n<h4><\/h4>\n<h4 style=\"color: #dec952;\">Informaci\u00f3n Financiera<\/h4>\n<p>Nuestro personal administrativo estar\u00e1 encantado de ayudarte a determinar tu nivel de cobertura de seguro para tu ciclo de tratamiento indicado. Te recomendamos encarecidamente que te comuniques con tu compa\u00f1\u00eda de seguros para clarificar los beneficios antes de iniciar el tratamiento.<\/p>\n<p>Si tienes cualquier pregunta, por favor si\u00e9ntete libre de <a class=\"note-alone\" href=\"https:\/\/fertility-miami.com\/contact-us\/\">Contactarnos<\/a>.<\/p>\n<\/div>\n<div class=\"new_one\">\n<h4><\/h4>\n<h4 style=\"color: #dec952;\">Planes de Financiamiento<\/h4>\n<p>Para nuestros pacientes de autopago, ofrecemos una selecci\u00f3n de planes de precios para hacer nuestros servicios tan accesibles y competitivos como sea posible. Estamos encantados de ofrecer consultas financieras en nuestra oficina, por tel\u00e9fono o por correo electr\u00f3nico para acomodar tu horario.<\/p>\n<\/div>\n<\/div>\n<p>[\/vc_column_text][\/vc_column][\/vc_row][vc_row][vc_column][vc_empty_space height=\u00bb5px\u00bb][\/vc_column][\/vc_row]<\/p>\n<\/div>","protected":false},"excerpt":{"rendered":"<p>[vc_row][vc_column][vc_empty_space height=\u00bb5px\u00bb][vc_custom_heading text=\u00bbInformaci\u00f3n Financiera \u00bb font_container=\u00bbtag:h1|text_align:left|color:%23dec952&#8243; use_theme_fonts=\u00bbyes\u00bb][vc_column_text] Cuidado Rentable Nuestros especialistas se esfuerzan en todo momento para proporcionar atenci\u00f3n m\u00e9dica de la manera m\u00e1s apropiada y<span class=\"excerpt-hellip\"> [\u2026]<\/span><\/p>\n","protected":false},"author":1,"featured_media":0,"parent":0,"menu_order":0,"comment_status":"closed","ping_status":"closed","template":"","meta":{"footnotes":""},"class_list":["post-2308","page","type-page","status-publish","hentry"],"_links":{"self":[{"href":"https:\/\/fertility-miami.com\/es\/wp-json\/wp\/v2\/pages\/2308","targetHints":{"allow":["GET"]}}],"collection":[{"href":"https:\/\/fertility-miami.com\/es\/wp-json\/wp\/v2\/pages"}],"about":[{"href":"https:\/\/fertility-miami.com\/es\/wp-json\/wp\/v2\/types\/page"}],"author":[{"embeddable":true,"href":"https:\/\/fertility-miami.com\/es\/wp-json\/wp\/v2\/users\/1"}],"replies":[{"embeddable":true,"href":"https:\/\/fertility-miami.com\/es\/wp-json\/wp\/v2\/comments?post=2308"}],"version-history":[{"count":3,"href":"https:\/\/fertility-miami.com\/es\/wp-json\/wp\/v2\/pages\/2308\/revisions"}],"predecessor-version":[{"id":5926,"href":"https:\/\/fertility-miami.com\/es\/wp-json\/wp\/v2\/pages\/2308\/revisions\/5926"}],"wp:attachment":[{"href":"https:\/\/fertility-miami.com\/es\/wp-json\/wp\/v2\/media?parent=2308"}],"curies":[{"name":"wp","href":"https:\/\/api.w.org\/{rel}","templated":true}]}}