{"id":2305,"date":"2016-12-20T05:05:20","date_gmt":"2016-12-20T05:05:20","guid":{"rendered":"https:\/\/fertility-miami.com\/clinical-trials\/"},"modified":"2022-05-12T14:35:32","modified_gmt":"2022-05-12T14:35:32","slug":"clinical-trials","status":"publish","type":"page","link":"https:\/\/fertility-miami.com\/es\/clinical-trials\/","title":{"rendered":"ENSAYOS CL\u00cdNICOS"},"content":{"rendered":"<div class=\"wpb-content-wrapper\"><p>[vc_row][vc_column][vc_empty_space height=\u00bb5px\u00bb][vc_custom_heading text=\u00bbEnsayos Cl\u00ednicos<br \/>\n\u00bb font_container=\u00bbtag:h1|text_align:left|color:%239ac23d\u00bb use_theme_fonts=\u00bbyes\u00bb][vc_column_text]<\/p>\n<div class=\"new_container about range clinic\">\n<div class=\"new_one\">\n<p>Nuestro programa de investigaci\u00f3n en fertilidad lleva a cabo ensayos cl\u00ednicos como parte de un compromiso para desarrollar tecnolog\u00edas innovadoras y mejorar las tasas de \u00e9xito de la fertilidad. Los pacientes que califiquen para estos ensayos pueden tomar ventaja de los tratamientos y medicamentos con descuento.<\/p>\n<p>Para averiguar si actualmente estamos matriculados en un programa, por favor env\u00edanos un correo electr\u00f3nico a <a style=\"color: #a82c72;\" href=\"mailto:info@fertility-miami.com\">info@fertility-miami.com<\/a><\/p>\n<p>&nbsp;<\/p>\n<\/div>\n<div class=\"new_one\">\n<h4 style=\"color: #9ac23d;\">Ensayos Cl\u00ednicos Anteriores<\/h4>\n<p><strong>FERRING:<\/strong> Un ensayo de fase 4, aleatorizado, tasador ciego que compar\u00f3 MENOPUR \u00ae y FSH combinando un ciclo de antagonistas de GnRH con transferencia de un solo blastocisto en una poblaci\u00f3n de sujetos de alto nivel de respuesta. Iniciado 1\/8\/2015. Completado.<\/p>\n<p><strong>ROCHE Operaciones de Diagn\u00f3stico:<\/strong> Un estudio multic\u00e9ntrico, prospectivo, no intervencionista en el valor de la AMH, para la evaluaci\u00f3n de la reserva ov\u00e1rica en mujeres que se presentan a centros de fertilidad, junto con otros laboratorios cl\u00ednicos y resultados. Estudio de desempe\u00f1o cl\u00ednico. Iniciado el 1\/2\/2015. Completado.<\/p>\n<p><strong>MERCK:<\/strong> Un ensayo de fase 3, aleatorio, doble ciego, de control activo y de no inferioridad para investigar la eficacia y la seguridad de una sola inyecci\u00f3n de SCH 900962 (Corifolitropina alfa) para inducir el desarrollo multifolicular para la estimulaci\u00f3n ov\u00e1rica controlada ((COS) usando FSH recombinante diaria (recFSH) como referencia en mujeres de 35 a 42 a\u00f1os de edad. Iniciado 1\/8\/2010. Completado<\/p>\n<p><strong>EMD Serono Inc.:<\/strong> Estudio de la fase II, multic\u00e9ntrico, aleatorio, sin tasador, comparador activo y de determinaci\u00f3n de dosis para evaluar la AS900672 enriquecida versus la Folitropina Alfa (Gonal-f \u00ae) para estimular el desarrollo folicular m\u00faltiple en mujeres inf\u00e9rtiles que se encuentran en curso tecnolog\u00eda reproductiva asistida. Iniciado el 7\/5\/2007. Completado.<\/p>\n<p><strong>Organon usa, Inc.:<\/strong> Un ensayo cl\u00ednico de fase IV, aleatorio y de etiqueta abierta para identificar los factores predictivos para la estimulaci\u00f3n controlada, usando dosis diarias fijas de 200 IU de FSH recombinante en un r\u00e9gimen antagonista de GnRH con o sin programaci\u00f3n de anticonceptivos orales. Iniciado el 11\/10\/2006. Completado.<\/p>\n<p><strong>Organon usa, Inc.:<\/strong> 200 UI dan una respuesta tan consistente como 225 UI en pacientes que responden normalmente a FIV \/ ICSI usando el Follistim Pen para administrar Follistim AQ\u00ae. Iniciado en Julio de 2006. Completado.<\/p>\n<p><strong>SERONO Laboratories, Inc.:<\/strong> Un ensayo comparativo prospectivo, aleatorio, prospectivo, aleatorio, prospectivo, de una nueva formulaci\u00f3n de r-FSH frente a Fertinex y Gonal-F en mujeres est\u00e9riles oligoanovulatorias sometidas a inducci\u00f3n de ovulaci\u00f3n. Iniciado el 26\/04\/2001. Completado.<\/p>\n<p><strong>FERRING Pharmaceutical, Inc.:<\/strong> \u201cUn ensayo aleatorizado, doble ciego, doble simulaci\u00f3n que compara la soluci\u00f3n para inyecci\u00f3n de MENOPUR en una pluma precargada y el polvo y disolvente para soluci\u00f3n para inyecci\u00f3n de MENOPUR (menotropinas para inyecci\u00f3n) en un ciclo de agonistas de GnRH en mujeres de 18 a 42 a\u00f1os que se someten a un tratamiento asistido Programa de tecnolog\u00eda reproductiva\u201d.<\/p>\n<p><strong>SERONO Laboratories, Inc.:<\/strong> Un estudio fase III, multinacional, aleatorio, tasador ciego para comparar la seguridad y la eficacia de una nueva formulaci\u00f3n de FSH humana recombinante (FSH-FS) frente a Fertinex frente a Gonal-F que estimulan el desarrollo folicular m\u00faltiple antes de ART en pacientes pretratados con agonista de GnRH. Iniciado el 8\/1\/2000. Completado.<\/p>\n<p><strong>Siemens Healthcare Diagnostics: <\/strong> \u201cProtocolo de recolecci\u00f3n de muestras de reserva ov\u00e1rica ADVIA Centaur AMH\u201d.<\/p>\n<\/div>\n<\/div>\n<p>[\/vc_column_text][\/vc_column][\/vc_row][vc_row][vc_column][vc_empty_space height=\u00bb5px\u00bb][\/vc_column][\/vc_row]<\/p>\n<\/div>","protected":false},"excerpt":{"rendered":"<p>[vc_row][vc_column][vc_empty_space height=\u00bb5px\u00bb][vc_custom_heading text=\u00bbEnsayos Cl\u00ednicos \u00bb font_container=\u00bbtag:h1|text_align:left|color:%239ac23d\u00bb use_theme_fonts=\u00bbyes\u00bb][vc_column_text] Nuestro programa de investigaci\u00f3n en fertilidad lleva a cabo ensayos cl\u00ednicos como parte de un compromiso para desarrollar tecnolog\u00edas<span class=\"excerpt-hellip\"> [\u2026]<\/span><\/p>\n","protected":false},"author":1,"featured_media":0,"parent":0,"menu_order":0,"comment_status":"closed","ping_status":"closed","template":"","meta":{"footnotes":""},"class_list":["post-2305","page","type-page","status-publish","hentry"],"_links":{"self":[{"href":"https:\/\/fertility-miami.com\/es\/wp-json\/wp\/v2\/pages\/2305","targetHints":{"allow":["GET"]}}],"collection":[{"href":"https:\/\/fertility-miami.com\/es\/wp-json\/wp\/v2\/pages"}],"about":[{"href":"https:\/\/fertility-miami.com\/es\/wp-json\/wp\/v2\/types\/page"}],"author":[{"embeddable":true,"href":"https:\/\/fertility-miami.com\/es\/wp-json\/wp\/v2\/users\/1"}],"replies":[{"embeddable":true,"href":"https:\/\/fertility-miami.com\/es\/wp-json\/wp\/v2\/comments?post=2305"}],"version-history":[{"count":3,"href":"https:\/\/fertility-miami.com\/es\/wp-json\/wp\/v2\/pages\/2305\/revisions"}],"predecessor-version":[{"id":7306,"href":"https:\/\/fertility-miami.com\/es\/wp-json\/wp\/v2\/pages\/2305\/revisions\/7306"}],"wp:attachment":[{"href":"https:\/\/fertility-miami.com\/es\/wp-json\/wp\/v2\/media?parent=2305"}],"curies":[{"name":"wp","href":"https:\/\/api.w.org\/{rel}","templated":true}]}}